{"id":2617,"date":"2023-01-08T16:37:46","date_gmt":"2023-01-08T16:37:46","guid":{"rendered":"https:\/\/tmcadvisory.com\/mit-uns-arbeiten\/"},"modified":"2024-11-13T15:09:41","modified_gmt":"2024-11-13T15:09:41","slug":"mit-uns-arbeiten","status":"publish","type":"page","link":"https:\/\/tmcadvisory.com\/de\/mit-uns-arbeiten\/","title":{"rendered":"MIT UNS ARBEITEN"},"content":{"rendered":"<div class=\"wpb-content-wrapper\"><p>[vc_row bg_type=&#8221;video&#8221; video_url=&#8221;https:\/\/tmcadvisory.com\/wp-content\/uploads\/2022\/11\/sfondotmcmondo.mp4&#8243; video_opts=&#8221;loop&#8221; viewport_vdo=&#8221;viewport_play&#8221; bg_override=&#8221;ex-full&#8221;][vc_column][vc_empty_space height=&#8221;200&#8243;][vc_row_inner][vc_column_inner width=&#8221;2\/3&#8243;][vc_column_text]<span style=\"font-size: 24pt; color: #1e2b50;\">MIT UNS ARBEITEN<\/span>[\/vc_column_text][\/vc_column_inner][vc_column_inner width=&#8221;1\/3&#8243;][vc_column_text]<span style=\"font-size: 24pt; color: #1e2b50;\">OFFENE POSITIONEN<\/span>[\/vc_column_text][\/vc_column_inner][\/vc_row_inner][vc_row_inner][vc_column_inner width=&#8221;2\/3&#8243;][vc_column_text]<strong><span style=\"font-size: 14pt;\">Talent, Professionalit\u00e4t und Menschlichkeit: das ist es, was wir suchen  <\/span><\/strong>[\/vc_column_text][vc_separator color=&#8221;custom&#8221; accent_color=&#8221;#986f32&#8243;][vc_column_text]<\/p>\n<p style=\"font-weight: 400; text-align: justify;\">Wir arbeiten jeden Tag kreativ daran, <strong>neue Gesch\u00e4ftsideen zu entwickeln<\/strong>. Wir setzen all unsere F\u00e4higkeiten ein, um <strong>sicherzustellen, dass <\/strong>Unternehmen in ihrem Wachstum und ihrer Entwicklung <strong>gesch\u00fctzt <\/strong>sind.<\/p>\n<p style=\"font-weight: 400; text-align: justify;\">Wir sind ein dynamisches und innovationsorientiertes Arbeitsumfeld; unser Team h\u00e4lt gerne <strong>mit dem sich ver\u00e4ndernden Umfeld Schritt<\/strong>. Wir bieten unseren Kunden aufmerksames Zuh\u00f6ren und einen<strong>ethischen und transparenten<\/strong> Beratungsansatz. <\/p>\n<p style=\"font-weight: 400; text-align: justify;\">Wenn Sie ein Student, ein junger Buchhalter oder ein Berufst\u00e4tiger sind und sich unserem Team anschlie\u00dfen m\u00f6chten, bieten wir Ihnen <strong>spezielle Schulungen und Kurse <\/strong>an, damit Sie Ihr Potenzial voll aussch\u00f6pfen k\u00f6nnen.<\/p>\n<p style=\"font-weight: 400; text-align: justify;\">Schicken Sie uns Ihre Pr\u00e4sentation und Ihre Selbstbewerbung und <strong>geben Sie dabei an, f\u00fcr welchen Standort Sie sich interessieren und auf welchen Bereich Sie sich spezialisiert haben<\/strong>: Wir werden Ihren Lebenslauf gerne in den Auswahlprozess einbeziehen, wenn freie Stellen, die Ihrem Karriereweg entsprechen, ausgeschrieben werden.<\/p>\n<p>[\/vc_column_text]\n<div class=\"wpcf7 no-js\" id=\"wpcf7-f2612-o1\" lang=\"de-DE\" dir=\"ltr\" data-wpcf7-id=\"2612\">\n<div class=\"screen-reader-response\"><p role=\"status\" aria-live=\"polite\" aria-atomic=\"true\"><\/p> <ul><\/ul><\/div>\n<form action=\"\/de\/wp-json\/wp\/v2\/pages\/2617#wpcf7-f2612-o1\" method=\"post\" class=\"wpcf7-form init\" aria-label=\"Kontaktformular\" enctype=\"multipart\/form-data\" novalidate=\"novalidate\" data-status=\"init\">\n<fieldset class=\"hidden-fields-container\"><input type=\"hidden\" name=\"_wpcf7\" value=\"2612\" \/><input type=\"hidden\" name=\"_wpcf7_version\" value=\"6.1.5\" \/><input type=\"hidden\" name=\"_wpcf7_locale\" value=\"de_DE\" \/><input type=\"hidden\" name=\"_wpcf7_unit_tag\" value=\"wpcf7-f2612-o1\" \/><input type=\"hidden\" name=\"_wpcf7_container_post\" value=\"0\" \/><input type=\"hidden\" name=\"_wpcf7_posted_data_hash\" value=\"\" \/><input type=\"hidden\" name=\"_wpcf7cf_hidden_group_fields\" value=\"[]\" \/><input type=\"hidden\" name=\"_wpcf7cf_hidden_groups\" value=\"[]\" \/><input type=\"hidden\" name=\"_wpcf7cf_visible_groups\" value=\"[]\" \/><input type=\"hidden\" name=\"_wpcf7cf_repeaters\" value=\"[]\" \/><input type=\"hidden\" name=\"_wpcf7cf_steps\" value=\"{}\" \/><input type=\"hidden\" name=\"_wpcf7cf_options\" value=\"{&quot;form_id&quot;:2612,&quot;conditions&quot;:[],&quot;settings&quot;:{&quot;animation&quot;:&quot;yes&quot;,&quot;animation_intime&quot;:&quot;200&quot;,&quot;animation_outtime&quot;:&quot;200&quot;,&quot;conditions_ui&quot;:&quot;normal&quot;,&quot;notice_dismissed&quot;:&quot;&quot;,&quot;notice_dismissed_rollback-cf7-6.1.3&quot;:true}}\" \/>\n<\/fieldset>\n<p><label>Lebenslauf (erforderlich)<\/label><br \/>\n<label><span class=\"wpcf7-form-control-wrap\" data-name=\"file-773\"><input size=\"40\" class=\"wpcf7-form-control wpcf7-file\" accept=\".pdf\" aria-invalid=\"false\" type=\"file\" name=\"file-773\" \/><\/span><\/label><br \/>\n<label>akzeptierte Dateitypen: PDF.<\/label><br \/>\n<label> <\/label><br \/>\n<label><span class=\"wpcf7-form-control-wrap\" data-name=\"acceptance-107\"><span class=\"wpcf7-form-control wpcf7-acceptance\"><span class=\"wpcf7-list-item\"><label><input type=\"checkbox\" name=\"acceptance-107\" value=\"1\" id=\"accettazione\" aria-invalid=\"false\" \/><span class=\"wpcf7-list-item-label\">Ich habe die Datenschutzbestimmungen gelesen und bin mit der Verarbeitung meiner Daten einverstanden.<\/span><\/label><\/span><\/span><\/span><\/label>\n<\/p>\n<p><input class=\"wpcf7-form-control wpcf7-submit has-spinner\" type=\"submit\" value=\"CV senden\" \/>\n<\/p><p style=\"display: none !important;\" class=\"akismet-fields-container\" data-prefix=\"_wpcf7_ak_\"><label>&#916;<textarea name=\"_wpcf7_ak_hp_textarea\" cols=\"45\" rows=\"8\" maxlength=\"100\"><\/textarea><\/label><input type=\"hidden\" id=\"ak_js_1\" name=\"_wpcf7_ak_js\" value=\"3\"\/><script>document.getElementById( \"ak_js_1\" ).setAttribute( \"value\", ( new Date() ).getTime() );<\/script><\/p><div class=\"wpcf7-response-output\" aria-hidden=\"true\"><\/div>\n<\/form>\n<\/div>\n[\/vc_column_inner][vc_column_inner width=&#8221;1\/3&#8243;][vc_column_text]<strong><span style=\"font-size: 14pt;\">Finden Sie die f\u00fcr Sie passende Stelle<\/span><\/strong>[\/vc_column_text][vc_separator color=&#8221;custom&#8221; accent_color=&#8221;#986f32&#8243;][vc_column_text css=&#8221;&#8221;]<\/p>\n<h3>Praktikant &#8211; Teilzeit<\/h3>\n<p>&nbsp;<\/p>\n<p>Wir suchen Studenten oder Absolventen der Wirtschaftswissenschaften f\u00fcr unser B\u00fcro in Mailand. Die Kandidaten werden f\u00fcr einen operativen Start bei der Verwaltung von professionellen Beratungsprojekten mit Kunden unterst\u00fctzt.<\/p>\n<p>T\u00e4tigkeitsbereiche: Verwaltungsberatung, Buchhaltung, Jahresabschl\u00fcsse. Wir sind offen f\u00fcr die Beurteilung von Bewerbern, die sowohl an einem Einstieg in eine freiberufliche T\u00e4tigkeit als auch an einer Festanstellung interessiert sind. Gute Englischkenntnisse in Wort und Schrift sind erforderlich. Wir schlagen eine Zusammenarbeit in Teilzeit mit haupts\u00e4chlich pers\u00f6nlichen Aktivit\u00e4ten vor, da wir dies f\u00fcr eine grundlegende Voraussetzung f\u00fcr den Austausch von F\u00e4higkeiten und die Analyse von Akten halten. Verf\u00fcgbarkeit f\u00fcr kurze Reisen in Norditalien ist erforderlich.[\/vc_column_text][\/vc_column_inner][\/vc_row_inner][vc_empty_space][vc_empty_space][\/vc_column][\/vc_row]<\/p>\n<\/div>","protected":false},"excerpt":{"rendered":"<p>[vc_row bg_type=&#8221;video&#8221; video_url=&#8221;https:\/\/tmcadvisory.com\/wp-content\/uploads\/2022\/11\/sfondotmcmondo.mp4&#8243; video_opts=&#8221;loop&#8221; viewport_vdo=&#8221;viewport_play&#8221; bg_override=&#8221;ex-full&#8221;][vc_column][vc_empty_space height=&#8221;200&#8243;][vc_row_inner][vc_column_inner width=&#8221;2\/3&#8243;][vc_column_text]MIT UNS ARBEITEN[\/vc_column_text][\/vc_column_inner][vc_column_inner width=&#8221;1\/3&#8243;][vc_column_text]OFFENE POSITIONEN[\/vc_column_text][\/vc_column_inner][\/vc_row_inner][vc_row_inner][vc_column_inner width=&#8221;2\/3&#8243;][vc_column_text]Talent, Professionalit\u00e4t und Menschlichkeit: das ist es, was wir suchen [\/vc_column_text][vc_separator color=&#8221;custom&#8221; accent_color=&#8221;#986f32&#8243;][vc_column_text] Wir arbeiten jeden Tag kreativ daran, neue Gesch\u00e4ftsideen zu entwickeln. Wir setzen all unsere F\u00e4higkeiten ein, um sicherzustellen, dass Unternehmen in ihrem Wachstum und ihrer Entwicklung gesch\u00fctzt sind. Wir sind&hellip;<\/p>\n","protected":false},"author":1,"featured_media":0,"parent":0,"menu_order":0,"comment_status":"closed","ping_status":"closed","template":"","meta":{"_acf_changed":false,"footnotes":""},"class_list":["post-2617","page","type-page","status-publish","hentry","description-off"],"acf":[],"aioseo_notices":[],"_links":{"self":[{"href":"https:\/\/tmcadvisory.com\/de\/wp-json\/wp\/v2\/pages\/2617","targetHints":{"allow":["GET"]}}],"collection":[{"href":"https:\/\/tmcadvisory.com\/de\/wp-json\/wp\/v2\/pages"}],"about":[{"href":"https:\/\/tmcadvisory.com\/de\/wp-json\/wp\/v2\/types\/page"}],"author":[{"embeddable":true,"href":"https:\/\/tmcadvisory.com\/de\/wp-json\/wp\/v2\/users\/1"}],"replies":[{"embeddable":true,"href":"https:\/\/tmcadvisory.com\/de\/wp-json\/wp\/v2\/comments?post=2617"}],"version-history":[{"count":6,"href":"https:\/\/tmcadvisory.com\/de\/wp-json\/wp\/v2\/pages\/2617\/revisions"}],"predecessor-version":[{"id":2631,"href":"https:\/\/tmcadvisory.com\/de\/wp-json\/wp\/v2\/pages\/2617\/revisions\/2631"}],"wp:attachment":[{"href":"https:\/\/tmcadvisory.com\/de\/wp-json\/wp\/v2\/media?parent=2617"}],"curies":[{"name":"wp","href":"https:\/\/api.w.org\/{rel}","templated":true}]}}