{"id":2620,"date":"2023-01-10T10:54:58","date_gmt":"2023-01-10T10:54:58","guid":{"rendered":"https:\/\/tmcadvisory.com\/datenschutzbestimmungen\/"},"modified":"2023-01-10T10:54:58","modified_gmt":"2023-01-10T10:54:58","slug":"datenschutzbestimmungen","status":"publish","type":"page","link":"https:\/\/tmcadvisory.com\/de\/datenschutzbestimmungen\/","title":{"rendered":"Datenschutzbestimmungen"},"content":{"rendered":"<p>Sehr geehrter Nutzer, in \u00dcbereinstimmung mit der europ\u00e4ischen Verordnung 679\/16 GDPR verarbeitet Studio TMC Advisory als f\u00fcr die Verarbeitung Verantwortlicher die personenbezogenen Daten, die Sie beim Ausf\u00fcllen des Formulars auf dieser Seite angeben. Die Datenverarbeitung basiert auf den Grunds\u00e4tzen der Korrektheit, Rechtm\u00e4\u00dfigkeit und Transparenz sowie dem Schutz der Vertraulichkeit gem\u00e4\u00df den im Datenschutzkodex angegebenen Methoden. Die Daten werden elektronisch verwaltet. Die Daten werden in keiner Weise weitergegeben, k\u00f6nnen aber von unseren Angestellten und Mitarbeitern verarbeitet werden, da diese mit der Verarbeitung betraut sind und die f\u00fcr die Verfolgung des oben genannten Zwecks erforderlichen T\u00e4tigkeiten ausf\u00fchren: Namensverwaltung, Ablage, Bearbeitung, Beantwortung von E-Mails. Die Bereitstellung Ihrer personenbezogenen Daten erfolgt auf freiwilliger Basis. Wenn Sie unser Kunde sind, haben Sie jederzeit das Recht, Ihre Rechte gem\u00e4\u00df der europ\u00e4ischen Verordnung 679\/16 GDPR auszu\u00fcben, indem Sie sich an den f\u00fcr die Datenverarbeitung Verantwortlichen wenden: TMC Advisory &#8211; mit Sitz in Verona (37121) Corso Camillo Benso Conte di Cavour, 2 &#8211; indem Sie eine E-Mail an info@tmcadvisory.com senden.<br \/>\nPRIVACY POLICY NEWSLETTER Sehr geehrter Nutzer, gem\u00e4\u00df der europ\u00e4ischen Verordnung 679\/16 GDPR verarbeitet die Firma TMC Advisory als f\u00fcr die Verarbeitung Verantwortlicher die von Ihnen beim Ausf\u00fcllen des Formulars auf dieser Seite angegebenen personenbezogenen Daten. Die Datenverarbeitung basiert auf den Grunds\u00e4tzen der Korrektheit, Rechtm\u00e4\u00dfigkeit und Transparenz sowie des Schutzes der Vertraulichkeit in \u00dcbereinstimmung mit den im Datenschutzkodex angegebenen Methoden. Die Daten werden elektronisch verwaltet. Die Daten werden in keiner Weise weitergegeben, k\u00f6nnen aber von unseren Angestellten und Mitarbeitern verarbeitet werden, da diese mit der Verarbeitung betraut und f\u00fcr die T\u00e4tigkeiten verantwortlich sind, die f\u00fcr die Verfolgung des oben genannten Zwecks erforderlich sind: Verwaltung des Namens, Archivierung, Verarbeitung, regelm\u00e4\u00dfiger Versand von Newslettern. Die Bereitstellung Ihrer personenbezogenen Daten erfolgt auf freiwilliger Basis. Wenn Sie unser Kunde sind, haben Sie jederzeit das Recht, Ihre Rechte gem\u00e4\u00df der europ\u00e4ischen Verordnung 679\/16 GDPR auszu\u00fcben, indem Sie sich an den f\u00fcr die Datenverarbeitung Verantwortlichen wenden: TMC Advisory &#8211; mit Sitz in Verona (37121) Corso Camillo Benso Conte di Cavour, 2 &#8211; durch Senden einer E-Mail an info@tmcadvisory.com.    <\/p>\n","protected":false},"excerpt":{"rendered":"<p>Sehr geehrter Nutzer, in \u00dcbereinstimmung mit der europ\u00e4ischen Verordnung 679\/16 GDPR verarbeitet Studio TMC Advisory als f\u00fcr die Verarbeitung Verantwortlicher die personenbezogenen Daten, die Sie beim Ausf\u00fcllen des Formulars auf dieser Seite angeben. Die Datenverarbeitung basiert auf den Grunds\u00e4tzen der Korrektheit, Rechtm\u00e4\u00dfigkeit und Transparenz sowie dem Schutz der Vertraulichkeit gem\u00e4\u00df den im Datenschutzkodex angegebenen Methoden.&hellip;<\/p>\n","protected":false},"author":1,"featured_media":0,"parent":0,"menu_order":0,"comment_status":"closed","ping_status":"closed","template":"","meta":{"_acf_changed":false,"footnotes":""},"class_list":["post-2620","page","type-page","status-publish","hentry","description-off"],"acf":[],"aioseo_notices":[],"_links":{"self":[{"href":"https:\/\/tmcadvisory.com\/de\/wp-json\/wp\/v2\/pages\/2620","targetHints":{"allow":["GET"]}}],"collection":[{"href":"https:\/\/tmcadvisory.com\/de\/wp-json\/wp\/v2\/pages"}],"about":[{"href":"https:\/\/tmcadvisory.com\/de\/wp-json\/wp\/v2\/types\/page"}],"author":[{"embeddable":true,"href":"https:\/\/tmcadvisory.com\/de\/wp-json\/wp\/v2\/users\/1"}],"replies":[{"embeddable":true,"href":"https:\/\/tmcadvisory.com\/de\/wp-json\/wp\/v2\/comments?post=2620"}],"version-history":[{"count":0,"href":"https:\/\/tmcadvisory.com\/de\/wp-json\/wp\/v2\/pages\/2620\/revisions"}],"wp:attachment":[{"href":"https:\/\/tmcadvisory.com\/de\/wp-json\/wp\/v2\/media?parent=2620"}],"curies":[{"name":"wp","href":"https:\/\/api.w.org\/{rel}","templated":true}]}}