{"id":2628,"date":"2023-01-08T16:49:15","date_gmt":"2023-01-08T16:49:15","guid":{"rendered":"https:\/\/tmcadvisory.com\/kontakt\/"},"modified":"2024-11-13T15:09:42","modified_gmt":"2024-11-13T15:09:42","slug":"kontakt","status":"publish","type":"page","link":"https:\/\/tmcadvisory.com\/de\/kontakt\/","title":{"rendered":"Kontakt"},"content":{"rendered":"<div class=\"wpb-content-wrapper\"><p>[vc_row bg_type=&#8221;video&#8221; video_url=&#8221;https:\/\/tmcadvisory.com\/wp-content\/uploads\/2022\/11\/sfondotmc1.mp4&#8243; video_opts=&#8221;loop&#8221; viewport_vdo=&#8221;viewport_play&#8221; bg_override=&#8221;ex-full&#8221;][vc_column][vc_empty_space height=&#8221;200&#8243;][vc_row_inner][vc_column_inner][vc_column_text]<span style=\"font-size: 24pt; color: #1e2b50;\">KONTAKT US<\/span>[\/vc_column_text][\/vc_column_inner][\/vc_row_inner][vc_row_inner][vc_column_inner][\/vc_column_inner][\/vc_row_inner][vc_separator color=&#8221;custom&#8221; accent_color=&#8221;#986f32&#8243;][vc_column_text]<\/p>\n<p style=\"font-weight: 400;\">W\u00e4hlen Sie die Methode, die f\u00fcr Sie am bequemsten ist: F\u00fcllen Sie das Formular aus und hinterlassen Sie Ihre Kontaktdaten, damit wir uns so schnell wie m\u00f6glich mit Ihnen in Verbindung setzen k\u00f6nnen, oder <a title=\"Standorte\" href=\"https:\/\/tmcadvisory.com\/de\/standorte\/\"><u>rufen Sie Ihr n\u00e4chstgelegenes TMC-Beratungsb\u00fcro an<\/u>.<\/a><\/p>\n<p>[\/vc_column_text][vc_empty_space][vc_empty_space]\n<div class=\"wpcf7 no-js\" id=\"wpcf7-f2686-o1\" lang=\"de-DE\" dir=\"ltr\" data-wpcf7-id=\"2686\">\n<div class=\"screen-reader-response\"><p role=\"status\" aria-live=\"polite\" aria-atomic=\"true\"><\/p> <ul><\/ul><\/div>\n<form action=\"\/de\/wp-json\/wp\/v2\/pages\/2628#wpcf7-f2686-o1\" method=\"post\" class=\"wpcf7-form init\" aria-label=\"Kontaktformular\" novalidate=\"novalidate\" data-status=\"init\">\n<fieldset class=\"hidden-fields-container\"><input type=\"hidden\" name=\"_wpcf7\" value=\"2686\" \/><input type=\"hidden\" name=\"_wpcf7_version\" value=\"6.1.5\" \/><input type=\"hidden\" name=\"_wpcf7_locale\" value=\"de_DE\" \/><input type=\"hidden\" name=\"_wpcf7_unit_tag\" value=\"wpcf7-f2686-o1\" \/><input type=\"hidden\" name=\"_wpcf7_container_post\" value=\"0\" \/><input type=\"hidden\" name=\"_wpcf7_posted_data_hash\" value=\"\" \/><input type=\"hidden\" name=\"_wpcf7cf_hidden_group_fields\" value=\"[]\" \/><input type=\"hidden\" name=\"_wpcf7cf_hidden_groups\" value=\"[]\" \/><input type=\"hidden\" name=\"_wpcf7cf_visible_groups\" value=\"[]\" \/><input type=\"hidden\" name=\"_wpcf7cf_repeaters\" value=\"[]\" \/><input type=\"hidden\" name=\"_wpcf7cf_steps\" value=\"{}\" \/><input type=\"hidden\" name=\"_wpcf7cf_options\" value=\"{&quot;form_id&quot;:2686,&quot;conditions&quot;:[],&quot;settings&quot;:{&quot;animation&quot;:&quot;yes&quot;,&quot;animation_intime&quot;:&quot;200&quot;,&quot;animation_outtime&quot;:&quot;200&quot;,&quot;conditions_ui&quot;:&quot;normal&quot;,&quot;notice_dismissed&quot;:&quot;&quot;,&quot;notice_dismissed_rollback-cf7-6.1.3&quot;:true}}\" \/>\n<\/fieldset>\n<div>\n\t<p><span class=\"wpcf7-form-control-wrap\" data-name=\"your-name\"><input size=\"40\" maxlength=\"400\" class=\"wpcf7-form-control wpcf7-text wpcf7-validates-as-required\" aria-required=\"true\" aria-invalid=\"false\" value=\"N&lt;label&gt;ame (erforderlich)&lt;\/label&gt; Name\" type=\"text\" name=\"your-name\" \/><\/span>\n\t<\/p>\n<\/div>\n<div>\n\t<p><label>Nachname (erforderlich)<\/label><br \/>\n<span class=\"wpcf7-form-control-wrap\" data-name=\"text-745\"><input size=\"40\" maxlength=\"400\" class=\"wpcf7-form-control wpcf7-text\" id=\"Cognome\" aria-invalid=\"false\" value=\"Nachname\" type=\"text\" name=\"text-745\" \/><\/span>\n\t<\/p>\n<\/div>\n<div>\n\t<p><span class=\"wpcf7-form-control-wrap\" data-name=\"your-email\"><input size=\"40\" maxlength=\"400\" class=\"wpcf7-form-control wpcf7-email wpcf7-validates-as-required wpcf7-text wpcf7-validates-as-email\" aria-required=\"true\" aria-invalid=\"false\" value=\"E&lt;label&gt;-Mail (erforderlich)&lt;\/label&gt; E-Mail\" type=\"email\" name=\"your-email\" \/><\/span>\n\t<\/p>\n<\/div>\n<div>\n\t<p><label>Unternehmen<\/label><br \/>\n<span class=\"wpcf7-form-control-wrap\" data-name=\"text-391\"><input size=\"40\" maxlength=\"400\" class=\"wpcf7-form-control wpcf7-text\" id=\"azienda\" aria-invalid=\"false\" value=\"Unternehmen\" type=\"text\" name=\"text-391\" \/><\/span>\n\t<\/p>\n<\/div>\n<div>\n\t<p><label>Nation<\/label><br \/>\n<span class=\"wpcf7-form-control-wrap\" data-name=\"nazione\"><select class=\"wpcf7-form-control wpcf7-select\" aria-invalid=\"false\" name=\"nazione\"><option value=\"Italien Afghanistan Albanien Algerien Andorra Angola Anguilla Antarktis Antigua und Barbuda Niederl\u00e4ndische Antillen Saudi-Arabien Argentinien Armenien Aruba Australien Aserbaidschan Bahamas Bahrain Bangladesch Barbados Belgien Belize Benin Bermuda Belarus Bhutan Bolivien Bosnien und Herzegowina Botswana Brasilien Brunei Darussalam Bulgarien Burkina Faso Burundi Kambodscha Kamerun Kanada Kap Verde Tschad Chile China Zypern Vatikanstadt Kolumbien Komoren Nordkorea Costa Rica Elfenbeink\u00fcste D\u00e4nemark Dominica Ecuador \u00c4gypten Irland El Salvador Vereinigte Arabische Emirate Eritrea Estland \u00c4thiopien Russische F\u00f6deration Fidschi Philippinen Finnland Frankreich Gabun Gambia Georgien Ghana Jamaika Japan Gibraltar Dschibuti Jordanien Griechenland Grenada Gr\u00f6nland Guadeloupe Guatemala Guinea Guinea-issau \u00c4quatorialguinea GuyanaBissau \u00c4quatorialguinea Guyana Haiti Honduras Hongkong Indien Indonesien Iran Irak Bouvetinsel Weihnachtsinsel Heard- und McDonald-Inseln Kaimaninseln Cocosinseln Cookinseln F\u00e4r\u00f6er-Inseln\">Italien Afghanistan Albanien Algerien Andorra Angola Anguilla Antarktis Antigua und Barbuda Niederl\u00e4ndische Antillen Saudi-Arabien Argentinien Armenien Aruba Australien Aserbaidschan Bahamas Bahrain Bangladesch Barbados Belgien Belize Benin Bermuda Belarus Bhutan Bolivien Bosnien und Herzegowina Botswana Brasilien Brunei Darussalam Bulgarien Burkina Faso Burundi Kambodscha Kamerun Kanada Kap Verde Tschad Chile China Zypern Vatikanstadt Kolumbien Komoren Nordkorea Costa Rica Elfenbeink\u00fcste D\u00e4nemark Dominica Ecuador \u00c4gypten Irland El Salvador Vereinigte Arabische Emirate Eritrea Estland \u00c4thiopien Russische F\u00f6deration Fidschi Philippinen Finnland Frankreich Gabun Gambia Georgien Ghana Jamaika Japan Gibraltar Dschibuti Jordanien Griechenland Grenada Gr\u00f6nland Guadeloupe Guatemala Guinea Guinea-issau \u00c4quatorialguinea GuyanaBissau \u00c4quatorialguinea Guyana Haiti Honduras Hongkong Indien Indonesien Iran Irak Bouvetinsel Weihnachtsinsel Heard- und McDonald-Inseln Kaimaninseln Cocosinseln Cookinseln F\u00e4r\u00f6er-Inseln<\/option><option value=\"\"><\/option><option value=\"\"><\/option><option value=\"\"><\/option><option value=\"\"><\/option><option value=\"\"><\/option><option value=\"\"><\/option><option value=\"\"><\/option><option value=\"\"><\/option><option value=\"\"><\/option><option value=\"\"><\/option><option value=\"\"><\/option><option value=\"\"><\/option><option value=\"\"><\/option><option value=\"\"><\/option><option value=\"\"><\/option><option value=\"\"><\/option><option value=\"\"><\/option><option value=\"\"><\/option><option value=\"\"><\/option><option value=\"\"><\/option><option value=\"\"><\/option><option value=\"\"><\/option><option value=\"\"><\/option><option value=\"\"><\/option><option value=\"\"><\/option><option value=\"\"><\/option><option value=\"\"><\/option><option value=\"\"><\/option><option value=\"\"><\/option><option value=\"\"><\/option><option value=\"\"><\/option><option value=\"\"><\/option><option value=\"\"><\/option><option value=\"\"><\/option><option value=\"\"><\/option><option value=\"\"><\/option><option value=\"\"><\/option><option value=\"\"><\/option><option value=\"\"><\/option><option value=\"\"><\/option><option value=\"\"><\/option><option value=\"\"><\/option><option value=\"\"><\/option><option value=\"\"><\/option><option value=\"\"><\/option><option value=\"\"><\/option><option value=\"\"><\/option><option value=\"\"><\/option><option value=\"\"><\/option><option value=\"\"><\/option><option value=\"\"><\/option><option value=\"\"><\/option><option value=\"\"><\/option><option value=\"\"><\/option><option value=\"\"><\/option><option value=\"\"><\/option><option value=\"\"><\/option><option value=\"\"><\/option><option value=\"\"><\/option><option value=\"\"><\/option><option value=\"\"><\/option><option value=\"\"><\/option><option value=\"\"><\/option><option value=\"\"><\/option><option value=\"\"><\/option><option value=\"\"><\/option><option value=\"\"><\/option><option value=\"\"><\/option><option value=\"\"><\/option><option value=\"\"><\/option><option value=\"\"><\/option><option value=\"\"><\/option><option value=\"\"><\/option><option value=\"\"><\/option><option value=\"\"><\/option><option value=\"\"><\/option><option value=\"\"><\/option><option value=\"\"><\/option><option value=\"\"><\/option><option value=\"\"><\/option><option value=\"\"><\/option><option value=\"\"><\/option><option value=\"\"><\/option><option value=\"\"><\/option><option value=\"\"><\/option><option value=\"\"><\/option><option value=\"\"><\/option><option value=\"\"><\/option><option value=\"\"><\/option><option value=\"\"><\/option><option value=\"\"><\/option><option value=\"\"><\/option><option value=\"\"><\/option><option value=\"\"><\/option><option value=\"\"><\/option><option value=\"\"><\/option><option value=\"\"><\/option><option value=\"\"><\/option><option value=\"\"><\/option><option value=\"\"><\/option><option value=\"\"><\/option><option value=\"\"><\/option><option value=\"Marshallinseln N\u00f6rdliche Marianen U.S. Minor Outlying Islands Norfolkinseln Salomonen Turks- und Caicosinseln U.S. Virgin Islands Britische Jungferninseln Israel Island Kasachstan Kenia Kirgisistan Kiribati Kuwait Laos Lettland Lesotho Libanon Liberia Libyen Liechtenstein Litauen Luxemburg Macao Mazedonien Madagaskar Malawi Malaysia Mali Malta Marokko Mauretanien Mauritius Mayotte Mexiko Moldawien Monaco Mongolei Montserrat Mosambik Myanmar Namibia Nauru Nepal Nicaragua Niger Nigeria Niue Norwegen Neu Kaledonien Neuseeland Oman Niederlande Pakistan Palau Panama Papua-Neuguinea Paraguay Peru Pitcairn Franz\u00f6sisch-Polynesien Polen Portugal Puerto Rico Katar Vereinigtes K\u00f6nigreich Tschechische Republik Zentralafrikanische Republik Demokratische Republik Kongo Dominikanische Republik Reunion Rum\u00e4nien Ruanda Westsahara St. Kitts und Nevis St. Pierre und Miquelon St. Vincent und die Grenadinen Samoa Amerikanisch-Samoa San Marino St. Helena St. Lucia Sao Tome und Principe Senegal Kosovo Seychellen Sierra Leone Singapur Syrien Slowakei Slowenien Somalia\">Marshallinseln N\u00f6rdliche Marianen U.S. Minor Outlying Islands Norfolkinseln Salomonen Turks- und Caicosinseln U.S. Virgin Islands Britische Jungferninseln Israel Island Kasachstan Kenia Kirgisistan Kiribati Kuwait Laos Lettland Lesotho Libanon Liberia Libyen Liechtenstein Litauen Luxemburg Macao Mazedonien Madagaskar Malawi Malaysia Mali Malta Marokko Mauretanien Mauritius Mayotte Mexiko Moldawien Monaco Mongolei Montserrat Mosambik Myanmar Namibia Nauru Nepal Nicaragua Niger Nigeria Niue Norwegen Neu Kaledonien Neuseeland Oman Niederlande Pakistan Palau Panama Papua-Neuguinea Paraguay Peru Pitcairn Franz\u00f6sisch-Polynesien Polen Portugal Puerto Rico Katar Vereinigtes K\u00f6nigreich Tschechische Republik Zentralafrikanische Republik Demokratische Republik Kongo Dominikanische Republik Reunion Rum\u00e4nien Ruanda Westsahara St. Kitts und Nevis St. Pierre und Miquelon St. Vincent und die Grenadinen Samoa Amerikanisch-Samoa San Marino St. Helena St. Lucia Sao Tome und Principe Senegal Kosovo Seychellen Sierra Leone Singapur Syrien Slowakei Slowenien Somalia<\/option><option value=\"\"><\/option><option value=\"\"><\/option><option value=\"\"><\/option><option value=\"\"><\/option><option value=\"\"><\/option><option value=\"\"><\/option><option value=\"\"><\/option><option value=\"\"><\/option><option value=\"\"><\/option><option value=\"\"><\/option><option value=\"\"><\/option><option value=\"\"><\/option><option value=\"\"><\/option><option value=\"\"><\/option><option value=\"\"><\/option><option value=\"\"><\/option><option value=\"\"><\/option><option value=\"\"><\/option><option value=\"\"><\/option><option value=\"\"><\/option><option value=\"\"><\/option><option value=\"\"><\/option><option value=\"\"><\/option><option value=\"\"><\/option><option value=\"\"><\/option><option value=\"\"><\/option><option value=\"\"><\/option><option value=\"\"><\/option><option value=\"\"><\/option><option value=\"\"><\/option><option value=\"\"><\/option><option value=\"\"><\/option><option value=\"\"><\/option><option value=\"\"><\/option><option value=\"\"><\/option><option value=\"\"><\/option><option value=\"\"><\/option><option value=\"\"><\/option><option value=\"\"><\/option><option value=\"\"><\/option><option value=\"\"><\/option><option value=\"\"><\/option><option value=\"\"><\/option><option value=\"\"><\/option><option value=\"\"><\/option><option value=\"\"><\/option><option value=\"\"><\/option><option value=\"\"><\/option><option value=\"\"><\/option><option value=\"\"><\/option><option value=\"\"><\/option><option value=\"\"><\/option><option value=\"\"><\/option><option value=\"\"><\/option><option value=\"\"><\/option><option value=\"\"><\/option><option value=\"\"><\/option><option value=\"\"><\/option><option value=\"\"><\/option><option value=\"\"><\/option><option value=\"\"><\/option><option value=\"\"><\/option><option value=\"\"><\/option><option value=\"\"><\/option><option value=\"\"><\/option><option value=\"\"><\/option><option value=\"\"><\/option><option value=\"\"><\/option><option value=\"\"><\/option><option value=\"\"><\/option><option value=\"\"><\/option><option value=\"\"><\/option><option value=\"\"><\/option><option value=\"\"><\/option><option value=\"\"><\/option><option value=\"\"><\/option><option value=\"\"><\/option><option value=\"\"><\/option><option value=\"\"><\/option><option value=\"\"><\/option><option value=\"\"><\/option><option value=\"\"><\/option><option value=\"\"><\/option><option value=\"\"><\/option><option value=\"\"><\/option><option value=\"\"><\/option><option value=\"\"><\/option><option value=\"\"><\/option><option value=\"\"><\/option><option value=\"\"><\/option><option value=\"\"><\/option><option value=\"\"><\/option><option value=\"\"><\/option><option value=\"\"><\/option><option value=\"\"><\/option><option value=\"Spanien\">Spanien<\/option><option value=\"Sri Lanka Mikronesien F\u00f6derierte Staaten von Mikronesien Vereinigte Staaten von Amerika S\u00fcdafrika S\u00fcdgeorgien und die Sandwichinseln Sudan Surinam Svalbard und Jan Mayen Schweden Schweiz Swasiland Tadschikistan Thailand Taiwan Tansania Britisches Territorium im Indischen Ozean Franz\u00f6sische S\u00fcdgebiete Besetzte Pal\u00e4stinensische Gebiete Osttimor Togo Tokelau Tonga Trinidad und Tobago Tunesien T\u00fcrkei Turkmenistan Tuvalu Ukraine Uganda Ungarn Uruguay Usbekistan Vanuatu Venezuela Vietnam Wallis und Futuna Jemen Sambia Simbabwe Serbien Montenegro Osttimor Guernsey\">Sri Lanka Mikronesien F\u00f6derierte Staaten von Mikronesien Vereinigte Staaten von Amerika S\u00fcdafrika S\u00fcdgeorgien und die Sandwichinseln Sudan Surinam Svalbard und Jan Mayen Schweden Schweiz Swasiland Tadschikistan Thailand Taiwan Tansania Britisches Territorium im Indischen Ozean Franz\u00f6sische S\u00fcdgebiete Besetzte Pal\u00e4stinensische Gebiete Osttimor Togo Tokelau Tonga Trinidad und Tobago Tunesien T\u00fcrkei Turkmenistan Tuvalu Ukraine Uganda Ungarn Uruguay Usbekistan Vanuatu Venezuela Vietnam Wallis und Futuna Jemen Sambia Simbabwe Serbien Montenegro Osttimor Guernsey<\/option><\/select><\/span>\n\t<\/p>\n<\/div>\n<div>\n\t<p><label>Bereich<\/label><br \/>\n<span class=\"wpcf7-form-control-wrap\" data-name=\"area\"><select class=\"wpcf7-form-control wpcf7-select\" aria-invalid=\"false\" name=\"area\"><option value=\"Nationale Besteuerung Internationale Besteuerung Unternehmensfinanzierung &amp; Au\u00dferordentliche Transaktionen Unternehmenskrise &amp; Restrukturierung ESG - \u00d6kologische Nachhaltigkeit Trusts &amp; Verm\u00f6gen Rechtshilfe Corporate Governance Geistiges Eigentum\">Nationale Besteuerung Internationale Besteuerung Unternehmensfinanzierung &amp; Au\u00dferordentliche Transaktionen Unternehmenskrise &amp; Restrukturierung ESG - \u00d6kologische Nachhaltigkeit Trusts &amp; Verm\u00f6gen Rechtshilfe Corporate Governance Geistiges Eigentum<\/option><\/select><\/span>\n\t<\/p>\n<\/div>\n<div class=\"full textarea\">\n\t<p><span class=\"wpcf7-form-control-wrap\" data-name=\"textarea-65\"><textarea cols=\"40\" rows=\"10\" maxlength=\"2000\" class=\"wpcf7-form-control wpcf7-textarea\" id=\"Incosapossiamoaiutarla\" aria-invalid=\"false\" name=\"textarea-65\">Womit k\u00f6nnen wir Ihnen helfen?<\/textarea><\/span>\n\t<\/p>\n<\/div>\n<div class=\"full\">\n\t<p><span class=\"wpcf7-form-control-wrap\" data-name=\"acceptance-955\"><span class=\"wpcf7-form-control wpcf7-acceptance\"><span class=\"wpcf7-list-item\"><label><input type=\"checkbox\" name=\"acceptance-955\" value=\"1\" id=\"DichiarodiaverlettoeaccettatolInformativasullaprivacy\" aria-invalid=\"false\" \/><span class=\"wpcf7-list-item-label\">Ich erkl\u00e4re, dass ich die Datenschutzbestimmungen gelesen und akzeptiert habe. (Erforderlich)<\/span><\/label><\/span><\/span><\/span>\n\t<\/p>\n\t<p><span class=\"wpcf7-form-control-wrap\" data-name=\"acceptance-512\"><span class=\"wpcf7-form-control wpcf7-acceptance optional\"><span class=\"wpcf7-list-item\"><label><input type=\"checkbox\" name=\"acceptance-512\" value=\"1\" id=\"Desideroriceverelanewsletter\" aria-invalid=\"false\" \/><span class=\"wpcf7-list-item-label\">Ich m\u00f6chte den Newsletter erhalten<\/span><\/label><\/span><\/span><\/span>\n\t<\/p>\n<\/div>\n<div class=\"full\">\n\t<p><input class=\"wpcf7-form-control wpcf7-submit has-spinner\" type=\"submit\" value=\"Senden Sie\" \/>\n\t<\/p>\n<\/div><p style=\"display: none !important;\" class=\"akismet-fields-container\" data-prefix=\"_wpcf7_ak_\"><label>&#916;<textarea name=\"_wpcf7_ak_hp_textarea\" cols=\"45\" rows=\"8\" maxlength=\"100\"><\/textarea><\/label><input type=\"hidden\" id=\"ak_js_1\" name=\"_wpcf7_ak_js\" value=\"148\"\/><script>document.getElementById( \"ak_js_1\" ).setAttribute( \"value\", ( new Date() ).getTime() );<\/script><\/p><div class=\"wpcf7-response-output\" aria-hidden=\"true\"><\/div>\n<\/form>\n<\/div>\n[\/vc_column][\/vc_row]<\/p>\n<\/div>","protected":false},"excerpt":{"rendered":"<p>[vc_row bg_type=&#8221;video&#8221; video_url=&#8221;https:\/\/tmcadvisory.com\/wp-content\/uploads\/2022\/11\/sfondotmc1.mp4&#8243; video_opts=&#8221;loop&#8221; viewport_vdo=&#8221;viewport_play&#8221; bg_override=&#8221;ex-full&#8221;][vc_column][vc_empty_space height=&#8221;200&#8243;][vc_row_inner][vc_column_inner][vc_column_text]KONTAKT US[\/vc_column_text][\/vc_column_inner][\/vc_row_inner][vc_row_inner][vc_column_inner][\/vc_column_inner][\/vc_row_inner][vc_separator color=&#8221;custom&#8221; accent_color=&#8221;#986f32&#8243;][vc_column_text] W\u00e4hlen Sie die Methode, die f\u00fcr Sie am bequemsten ist: F\u00fcllen Sie das Formular aus und hinterlassen Sie Ihre Kontaktdaten, damit wir uns so schnell wie m\u00f6glich mit Ihnen in Verbindung setzen k\u00f6nnen, oder rufen Sie Ihr n\u00e4chstgelegenes TMC-Beratungsb\u00fcro an. [\/vc_column_text][vc_empty_space][vc_empty_space][\/vc_column][\/vc_row]<\/p>\n","protected":false},"author":1,"featured_media":0,"parent":0,"menu_order":0,"comment_status":"closed","ping_status":"closed","template":"","meta":{"_acf_changed":false,"footnotes":""},"class_list":["post-2628","page","type-page","status-publish","hentry","description-off"],"acf":[],"aioseo_notices":[],"_links":{"self":[{"href":"https:\/\/tmcadvisory.com\/de\/wp-json\/wp\/v2\/pages\/2628","targetHints":{"allow":["GET"]}}],"collection":[{"href":"https:\/\/tmcadvisory.com\/de\/wp-json\/wp\/v2\/pages"}],"about":[{"href":"https:\/\/tmcadvisory.com\/de\/wp-json\/wp\/v2\/types\/page"}],"author":[{"embeddable":true,"href":"https:\/\/tmcadvisory.com\/de\/wp-json\/wp\/v2\/users\/1"}],"replies":[{"embeddable":true,"href":"https:\/\/tmcadvisory.com\/de\/wp-json\/wp\/v2\/comments?post=2628"}],"version-history":[{"count":1,"href":"https:\/\/tmcadvisory.com\/de\/wp-json\/wp\/v2\/pages\/2628\/revisions"}],"predecessor-version":[{"id":2633,"href":"https:\/\/tmcadvisory.com\/de\/wp-json\/wp\/v2\/pages\/2628\/revisions\/2633"}],"wp:attachment":[{"href":"https:\/\/tmcadvisory.com\/de\/wp-json\/wp\/v2\/media?parent=2628"}],"curies":[{"name":"wp","href":"https:\/\/api.w.org\/{rel}","templated":true}]}}