{"id":2687,"date":"2022-11-28T12:28:18","date_gmt":"2022-11-28T12:28:18","guid":{"rendered":"https:\/\/tmcadvisory.com\/wir-stellen-uns-vor\/"},"modified":"2024-11-13T15:12:21","modified_gmt":"2024-11-13T15:12:21","slug":"wir-stellen-uns-vor","status":"publish","type":"page","link":"https:\/\/tmcadvisory.com\/de\/wir-stellen-uns-vor\/","title":{"rendered":"Wir stellen uns vor"},"content":{"rendered":"<div class=\"wpb-content-wrapper\"><p>[vc_row bg_type=&#8221;video&#8221; video_url=&#8221;https:\/\/tmcadvisory.com\/wp-content\/uploads\/2022\/11\/sfondotmcmondo.mp4&#8243; video_opts=&#8221;loop&#8221; viewport_vdo=&#8221;viewport_play&#8221; bg_override=&#8221;ex-full&#8221;][vc_column][vc_row_inner][vc_column_inner offset=&#8221;vc_hidden-lg vc_hidden-md vc_hidden-sm&#8221;][vc_empty_space height=&#8221;100&#8243;][\/vc_column_inner][\/vc_row_inner][vc_row_inner][vc_column_inner offset=&#8221;vc_hidden-xs&#8221;][vc_empty_space height=&#8221;200&#8243;][\/vc_column_inner][\/vc_row_inner][vc_row_inner][vc_column_inner][vc_column_text]<span style=\"font-size: 24pt; color: #1e2b50;\">WIR SIND PR\u00c4SENZ<\/span>[\/vc_column_text][\/vc_column_inner][\/vc_row_inner][vc_row_inner][vc_column_inner][vc_column_text]<strong><span style=\"font-size: 14pt;\">L\u00f6sungen zu finden ist unser Gesch\u00e4ft<\/span><\/strong>[\/vc_column_text][\/vc_column_inner][\/vc_row_inner][vc_separator color=&#8221;custom&#8221; accent_color=&#8221;#986f32&#8243;][vc_column_text]<\/p>\n<p style=\"font-weight: 400; text-align: justify;\">Unser Ziel ist es, neue Wege zu finden, um <strong>das zu sch\u00fctzen, was Sie<\/strong> f\u00fcr sich selbst und f\u00fcr diejenigen, die nach Ihnen kommen werden, <strong>aufgebaut haben<\/strong>. All dies tun wir mit Transparenz, indem wir die Regeln befolgen und <strong>die Dinge richtig tun.<\/strong> <strong>TMC Advisory<\/strong> <b>begleitet Sie <\/b><strong>in Ihrem Wachstum und auf Ihrem Weg zum Erfolg<\/strong>: Denn wenn wir Ihre Kreativit\u00e4t und Entschlossenheit mit unserem Einfallsreichtum unterst\u00fctzen, f\u00fchlen wir uns als Teil Ihres Unternehmens, ein bisschen so, als geh\u00f6rten wir alle <strong>zur selben Familie<\/strong>. <\/p>\n<p>[\/vc_column_text][vc_empty_space][vc_row_inner][vc_column_inner width=&#8221;1\/2&#8243;][vc_column_text]<strong><span style=\"font-size: 14pt;\">Sie werden nicht ein Unternehmen unter vielen sein<\/span><\/strong>[\/vc_column_text][vc_separator color=&#8221;custom&#8221; accent_color=&#8221;#986f32&#8243;][vc_column_text]<\/p>\n<p style=\"font-weight: 400; text-align: justify;\">Wir k\u00fcmmern uns um Ihre unternehmerische Idee, um die <strong>au\u00dfergew\u00f6hnlichen Herausforderungen<\/strong>, denen Sie sich jeden Tag stellen, um die <strong>Geschichte Ihres Unternehmens<\/strong>, wie sie es verdient: Sie werden nicht ein Unternehmen unter vielen sein, wir werden bei Ihren Erfolgen an Ihrer Seite sein.<\/p>\n<p style=\"font-weight: 400; text-align: justify;\">Wie werden wir das tun? Mit unserer <strong>st\u00e4ndigen Unterst\u00fctzung<\/strong>. <\/p>\n<p style=\"font-weight: 400; text-align: justify;\">Sie werden immer jemanden am anderen Ende des Telefons finden, wenn Sie ihn brauchen. Sie erhalten <strong>klare und einfache Antworten<\/strong> auf Ihre Fragen, die Ihnen helfen, komplexe und rechtzeitige Entscheidungen zu treffen, damit Sie alle <strong>Chancen<\/strong> nutzen k\u00f6nnen, die sich Ihnen bieten.<\/p>\n<p style=\"font-weight: 400; text-align: justify;\">Wir werden nicht einfach nur Lieferanten sein, sondern <strong>Ihre Partner<\/strong>: Wir helfen Ihnen mit <strong>Bescheidenheit und Bereitschaft<\/strong>, Ihre Ideen zu entwickeln, und bringen dabei all unsere F\u00e4higkeiten und Kompetenzen ins Spiel. Einfach gesagt: Wir werden uns nicht schonen. <\/p>\n<p>[\/vc_column_text][\/vc_column_inner][vc_column_inner width=&#8221;1\/2&#8243;][vc_column_text]<strong><span style=\"font-size: 14pt;\">Experten, aber in erster Linie Menschen<\/span><\/strong>[\/vc_column_text][vc_separator color=&#8221;custom&#8221; accent_color=&#8221;#986f32&#8243;][vc_column_text]<\/p>\n<p style=\"font-weight: 400; text-align: justify;\">Ob es um Steuern, Unternehmensf\u00fchrung oder Rechtsfragen geht, wir haben Spa\u00df an unserer Arbeit und <strong>kennen uns aus<\/strong>.<\/p>\n<p style=\"font-weight: 400; text-align: justify;\">Vor allem aber bieten wir Ihnen unsere Art, Berater zu sein: <strong>jeder mit seiner eigenen Pers\u00f6nlichkeit<\/strong>.<\/p>\n<p style=\"font-weight: 400; text-align: justify;\">Wir bei TMC Advisory<strong> sind Teamplayer<\/strong> und wissen, wie man <strong>\u00fcber den Tellerrand hinausschaut<\/strong>, um die richtige L\u00f6sung f\u00fcr Ihr Problem zu finden. Wir teilen Ihre <strong>Begeisterung<\/strong> f\u00fcr die Herausforderungen, vor denen Sie mit Ihrem Unternehmen stehen, wir wissen, wie man sich \u00fcber Erfolge freut oder Fehler eingesteht, wenn sie passieren.<\/p>\n<p style=\"font-weight: 400; text-align: justify;\"><strong>Sie k\u00f6nnen auf uns z\u00e4hlen<\/strong>, wenn Sie besonders schwierige Schritte auf Ihrem unternehmerischen Weg vor sich haben. Wir werden Sie in jeder Phase mit <strong>Offenheit<\/strong>, ein wenig Ironie, aber auch mit <strong>Unterst\u00fctzung und menschlichem Verst\u00e4ndnis<\/strong> begleiten, wenn es n\u00f6tig ist. <\/p>\n<p>[\/vc_column_text][\/vc_column_inner][\/vc_row_inner][vc_row_inner][vc_column_inner][vc_empty_space][vc_column_text]<strong><span style=\"font-size: 14pt;\">Nicht nur Gesch\u00e4ft: Wir sind Teil eines Ganzen<\/span><\/strong>[\/vc_column_text][vc_separator color=&#8221;custom&#8221; accent_color=&#8221;#986f32&#8243;][\/vc_column_inner][\/vc_row_inner][vc_column_text]<\/p>\n<p style=\"font-weight: 400;\">Die gesch\u00e4ftlichen Herausforderungen k\u00f6nnen wirklich komplex und vielschichtig sein: Es besteht die Gefahr, dass unsere Zeit und all unsere Energien von den allt\u00e4glichen Dringlichkeiten absorbiert werden und unser Wunsch, <strong>etwas Gutes f\u00fcr die Umwelt und die Gesellschaft, in der wir leben, <\/strong>zu tun, in den Hintergrund tritt. Bei TMC Advisory ist das nicht der Fall. <\/p>\n<p style=\"font-weight: 400;\">Wir haben uns Zeit genommen, dar\u00fcber nachzudenken, <strong>was uns wirklich wichtig ist<\/strong>, und haben drei Realit\u00e4ten ausgew\u00e4hlt, die wir bei ihren Visionen und Aktionen f\u00fcr den Wandel begleiten und unterst\u00fctzen.<\/p>\n<p style=\"font-weight: 400;\"><a title=\"Sozial\" href=\"https:\/\/tmcadvisory.com\/de\/sozial\/\"><strong>Finden Sie heraus, was &#8216;soziales Engagement&#8217; f\u00fcr uns bedeutet.<\/strong><\/a><\/p>\n<p>&nbsp;<\/p>\n<p style=\"font-weight: 400;\"><strong> <\/strong><\/p>\n<p>[\/vc_column_text][vc_row_inner][vc_column_inner][vc_empty_space height=&#8221;60&#8243;][\/vc_column_inner][\/vc_row_inner][\/vc_column][\/vc_row]<\/p>\n<\/div>","protected":false},"excerpt":{"rendered":"<p>[vc_row bg_type=&#8221;video&#8221; video_url=&#8221;https:\/\/tmcadvisory.com\/wp-content\/uploads\/2022\/11\/sfondotmcmondo.mp4&#8243; video_opts=&#8221;loop&#8221; viewport_vdo=&#8221;viewport_play&#8221; bg_override=&#8221;ex-full&#8221;][vc_column][vc_row_inner][vc_column_inner offset=&#8221;vc_hidden-lg vc_hidden-md vc_hidden-sm&#8221;][vc_empty_space height=&#8221;100&#8243;][\/vc_column_inner][\/vc_row_inner][vc_row_inner][vc_column_inner offset=&#8221;vc_hidden-xs&#8221;][vc_empty_space height=&#8221;200&#8243;][\/vc_column_inner][\/vc_row_inner][vc_row_inner][vc_column_inner][vc_column_text]WIR SIND PR\u00c4SENZ[\/vc_column_text][\/vc_column_inner][\/vc_row_inner][vc_row_inner][vc_column_inner][vc_column_text]L\u00f6sungen zu finden ist unser Gesch\u00e4ft[\/vc_column_text][\/vc_column_inner][\/vc_row_inner][vc_separator color=&#8221;custom&#8221; accent_color=&#8221;#986f32&#8243;][vc_column_text] Unser Ziel ist es, neue Wege zu finden, um das zu sch\u00fctzen, was Sie f\u00fcr sich selbst und f\u00fcr diejenigen, die nach Ihnen kommen werden, aufgebaut haben. All dies tun wir mit Transparenz, indem&hellip;<\/p>\n","protected":false},"author":1,"featured_media":0,"parent":0,"menu_order":0,"comment_status":"closed","ping_status":"closed","template":"","meta":{"_acf_changed":false,"footnotes":""},"class_list":["post-2687","page","type-page","status-publish","hentry","description-off"],"acf":[],"aioseo_notices":[],"_links":{"self":[{"href":"https:\/\/tmcadvisory.com\/de\/wp-json\/wp\/v2\/pages\/2687","targetHints":{"allow":["GET"]}}],"collection":[{"href":"https:\/\/tmcadvisory.com\/de\/wp-json\/wp\/v2\/pages"}],"about":[{"href":"https:\/\/tmcadvisory.com\/de\/wp-json\/wp\/v2\/types\/page"}],"author":[{"embeddable":true,"href":"https:\/\/tmcadvisory.com\/de\/wp-json\/wp\/v2\/users\/1"}],"replies":[{"embeddable":true,"href":"https:\/\/tmcadvisory.com\/de\/wp-json\/wp\/v2\/comments?post=2687"}],"version-history":[{"count":1,"href":"https:\/\/tmcadvisory.com\/de\/wp-json\/wp\/v2\/pages\/2687\/revisions"}],"predecessor-version":[{"id":2692,"href":"https:\/\/tmcadvisory.com\/de\/wp-json\/wp\/v2\/pages\/2687\/revisions\/2692"}],"wp:attachment":[{"href":"https:\/\/tmcadvisory.com\/de\/wp-json\/wp\/v2\/media?parent=2687"}],"curies":[{"name":"wp","href":"https:\/\/api.w.org\/{rel}","templated":true}]}}