{"id":2721,"date":"2022-11-30T15:00:38","date_gmt":"2022-11-30T15:00:38","guid":{"rendered":"https:\/\/tmcadvisory.com\/dienstleistungen\/"},"modified":"2024-11-13T15:12:39","modified_gmt":"2024-11-13T15:12:39","slug":"dienstleistungen","status":"publish","type":"page","link":"https:\/\/tmcadvisory.com\/de\/dienstleistungen\/","title":{"rendered":"Dienstleistungen"},"content":{"rendered":"<div class=\"wpb-content-wrapper\"><p>[vc_row bg_type=&#8221;video&#8221; video_url=&#8221;https:\/\/tmcadvisory.com\/wp-content\/uploads\/2022\/11\/sfondotmcmondo.mp4&#8243; video_opts=&#8221;loop&#8221; viewport_vdo=&#8221;viewport_play&#8221; bg_override=&#8221;ex-full&#8221;][vc_column][vc_empty_space height=&#8221;200&#8243;][vc_row_inner][vc_column_inner][vc_column_text]<span style=\"font-size: 24pt; color: #1e2b50;\">DIENSTLEISTUNGEN<\/span>[\/vc_column_text][\/vc_column_inner][\/vc_row_inner][vc_row_inner][vc_column_inner][vc_column_text]<strong><span style=\"font-size: 14pt;\">Au\u00dfergew\u00f6hnlicher Service, ohne Ausnahme  <\/span><\/strong>[\/vc_column_text][\/vc_column_inner][\/vc_row_inner][vc_separator color=&#8221;custom&#8221; accent_color=&#8221;#986f32&#8243;][vc_column_text]<\/p>\n<div>\n<p style=\"text-align: justify;\"><strong>Au\u00dfergew\u00f6hnlicher Service, ohne Ausnahme<\/strong><\/p>\n<\/div>\n<div style=\"text-align: justify;\">\n<p>Vom <strong>Start-up<\/strong> \u00fcber das <strong>KMU <\/strong>bis hin zum gro\u00dfen <strong>b\u00f6rsennotierten Unternehmen<\/strong>, das auch auf internationalen M\u00e4rkten t\u00e4tig ist: Die Fachleute von TMC Advisory machen wirklich einen Unterschied, denn wir machen bei unserem Engagement f\u00fcr jeden Kunden keine Ausnahmen. Wir unterst\u00fctzen Sie in jeder Phase der Entwicklung Ihres Unternehmens. <\/p>\n<\/div>\n<div style=\"text-align: justify;\">\n<p>Wir haben uns auf <strong>10 strategische Bereiche <\/strong>spezialisiert <strong>, die <\/strong>f\u00fcr den Erfolg Ihres Unternehmens <strong>entscheidend sind <\/strong>.<\/p>\n<\/div>\n<div style=\"text-align: justify;\">\n<p>Wir unterst\u00fctzen Sie beim <strong>Aufbau, der Entwicklung, dem Schutz und der Umstrukturierung<\/strong> Ihrer Gesch\u00e4ftsidee, begleiten Sie beim <strong>Generationswechsel<\/strong> oder bei der Vorbereitung der <strong>Internationalisierung<\/strong> Ihres Unternehmens.<\/p>\n<\/div>\n<div>\n<p style=\"text-align: justify;\">Gemeinsam werden wir die Herausforderungen des Marktes meistern und Ihre Erfolge feiern.<\/p>\n<\/div>\n<p>[\/vc_column_text][vc_empty_space][vc_row_inner][vc_column_inner width=&#8221;1\/2&#8243;]<div class=\"standard-arrow list-divider bullet-top\"><ul>\n<li style=\"font-weight: 400;\"><a title=\"Nationale Besteuerung\" href=\"https:\/\/tmcadvisory.com\/de\/nationale-besteuerung\/\">Nationale Besteuerung<\/a><\/li>\n<li style=\"font-weight: 400;\"><a title=\"Internationale Besteuerung\" href=\"https:\/\/tmcadvisory.com\/de\/internationale-besteuerung\/\">Internationale Besteuerung<\/a><\/li>\n<li style=\"font-weight: 400;\"><a title=\"Unternehmensfinanzierung &amp; Au\u00dfergew\u00f6hnliche Transaktionen\" href=\"https:\/\/tmcadvisory.com\/de\/unternehmensfinanzierung-aussergewoehnliche-transaktionen\/\">Unternehmensfinanzierung und au\u00dfergew\u00f6hnliche Transaktionen<\/a><\/li>\n<li style=\"font-weight: 400;\"><a title=\"Unternehmenskrise &amp; Restrukturierung\" href=\"https:\/\/tmcadvisory.com\/de\/unternehmenskrise-restrukturierung\/\">Unternehmenskrise und Restrukturierung<\/a><\/li>\n<li style=\"font-weight: 400;\"><a title=\"ESG - Nachhaltigkeit\" href=\"https:\/\/tmcadvisory.com\/de\/esg-nachhaltigkeit\/\">ESG &#8211; Nachhaltigkeit<\/a><\/li>\n<\/ul>\n<\/div>[\/vc_column_inner][vc_column_inner width=&#8221;1\/2&#8243;]<div class=\"standard-arrow list-divider bullet-top\"><ul>\n<li style=\"font-weight: 400;\"><a title=\"Trusts und Verm\u00f6gen\" href=\"https:\/\/tmcadvisory.com\/de\/trusts-und-vermoegen\/\">Trusts und Verm\u00f6gen<\/a><\/li>\n<li style=\"font-weight: 400;\"><a title=\"Rechtsbeistand\" href=\"https:\/\/tmcadvisory.com\/de\/rechtsbeistand\/\">Rechtsbeistand<\/a><\/li>\n<li style=\"font-weight: 400;\"><a title=\"Unternehmensf\u00fchrung\" href=\"https:\/\/tmcadvisory.com\/de\/unternehmensfuehrung\/\">Unternehmensf\u00fchrung<\/a><\/li>\n<li style=\"font-weight: 400;\"><a title=\"Geistiges Eigentum\" href=\"https:\/\/tmcadvisory.com\/de\/geistiges-eigentum\/\">Geistiges Eigentum<\/a><\/li>\n<\/ul>\n<\/div>[\/vc_column_inner][\/vc_row_inner][vc_empty_space][\/vc_column][\/vc_row]<\/p>\n<\/div>","protected":false},"excerpt":{"rendered":"<p>[vc_row bg_type=&#8221;video&#8221; video_url=&#8221;https:\/\/tmcadvisory.com\/wp-content\/uploads\/2022\/11\/sfondotmcmondo.mp4&#8243; video_opts=&#8221;loop&#8221; viewport_vdo=&#8221;viewport_play&#8221; bg_override=&#8221;ex-full&#8221;][vc_column][vc_empty_space height=&#8221;200&#8243;][vc_row_inner][vc_column_inner][vc_column_text]DIENSTLEISTUNGEN[\/vc_column_text][\/vc_column_inner][\/vc_row_inner][vc_row_inner][vc_column_inner][vc_column_text]Au\u00dfergew\u00f6hnlicher Service, ohne Ausnahme [\/vc_column_text][\/vc_column_inner][\/vc_row_inner][vc_separator color=&#8221;custom&#8221; accent_color=&#8221;#986f32&#8243;][vc_column_text] Au\u00dfergew\u00f6hnlicher Service, ohne Ausnahme Vom Start-up \u00fcber das KMU bis hin zum gro\u00dfen b\u00f6rsennotierten Unternehmen, das auch auf internationalen M\u00e4rkten t\u00e4tig ist: Die Fachleute von TMC Advisory machen wirklich einen Unterschied, denn wir machen bei unserem Engagement f\u00fcr jeden Kunden keine Ausnahmen.&hellip;<\/p>\n","protected":false},"author":1,"featured_media":0,"parent":0,"menu_order":0,"comment_status":"closed","ping_status":"closed","template":"","meta":{"_acf_changed":false,"footnotes":""},"class_list":["post-2721","page","type-page","status-publish","hentry","description-off"],"acf":[],"aioseo_notices":[],"_links":{"self":[{"href":"https:\/\/tmcadvisory.com\/de\/wp-json\/wp\/v2\/pages\/2721","targetHints":{"allow":["GET"]}}],"collection":[{"href":"https:\/\/tmcadvisory.com\/de\/wp-json\/wp\/v2\/pages"}],"about":[{"href":"https:\/\/tmcadvisory.com\/de\/wp-json\/wp\/v2\/types\/page"}],"author":[{"embeddable":true,"href":"https:\/\/tmcadvisory.com\/de\/wp-json\/wp\/v2\/users\/1"}],"replies":[{"embeddable":true,"href":"https:\/\/tmcadvisory.com\/de\/wp-json\/wp\/v2\/comments?post=2721"}],"version-history":[{"count":1,"href":"https:\/\/tmcadvisory.com\/de\/wp-json\/wp\/v2\/pages\/2721\/revisions"}],"predecessor-version":[{"id":2729,"href":"https:\/\/tmcadvisory.com\/de\/wp-json\/wp\/v2\/pages\/2721\/revisions\/2729"}],"wp:attachment":[{"href":"https:\/\/tmcadvisory.com\/de\/wp-json\/wp\/v2\/media?parent=2721"}],"curies":[{"name":"wp","href":"https:\/\/api.w.org\/{rel}","templated":true}]}}