{"id":3003,"date":"2023-01-10T11:02:43","date_gmt":"2023-01-10T11:02:43","guid":{"rendered":"https:\/\/tmcadvisory.com\/rechtliche-informationen\/"},"modified":"2023-01-10T11:02:43","modified_gmt":"2023-01-10T11:02:43","slug":"rechtliche-informationen","status":"publish","type":"page","link":"https:\/\/tmcadvisory.com\/de\/rechtliche-informationen\/","title":{"rendered":"Rechtliche Informationen"},"content":{"rendered":"<p><span style=\"font-size: 14pt;\">Diese Website wird betrieben von:<\/span><\/p>\n<p><em>Doribene &amp; Partner<\/em><br \/>\n<em>via Leoncino 16 &#8211; 37121 &#8211; Verona.  <\/em><\/p>\n<p>&nbsp;<\/p>\n<p><span style=\"font-size: 14pt;\">Datenschutzbestimmungen<\/span><\/p>\n<p>Diese Website respektiert und sch\u00fctzt die Privatsph\u00e4re ihrer Besucher und Nutzer. Diese Informationen zum Datenschutz beschreiben, wie die Website im Hinblick auf die Verarbeitung personenbezogener Daten der Nutzer, die sie konsultieren, verwaltet wird. <\/p>\n<p><span style=\"font-size: 14pt;\">Arten von verarbeiteten Daten<\/span><\/p>\n<p>Die von Nutzern, die Anfragen nach Informationsmaterial (Anfragen nach Informationen, Antworten auf Fragen, Anfragen nach Angeboten usw.) senden, zur Verf\u00fcgung gestellten personenbezogenen Daten werden ausschlie\u00dflich zum Zweck der Erbringung der angeforderten Dienstleistung oder Bereitstellung verwendet und nicht an Dritte weitergegeben, es sei denn, dies ist f\u00fcr die Erbringung der Dienstleistung erforderlich.<\/p>\n<p><span style=\"font-size: 14pt;\">Behandlungsmethoden<\/span><\/p>\n<p>Personenbezogene Daten werden von automatisierten Tools nur so lange verarbeitet, wie es f\u00fcr die Erreichung der Zwecke, f\u00fcr die sie erhoben wurden, unbedingt erforderlich ist. Es werden besondere Sicherheitsvorkehrungen getroffen, um Datenverlust, unrechtm\u00e4\u00dfige oder falsche Verwendung und unbefugten Zugriff zu verhindern. <\/p>\n<p><span style=\"font-size: 14pt;\">Freiwillige Bereitstellung von Daten<\/span><\/p>\n<p>Abgesehen von den Angaben zu den Navigationsdaten steht es den Benutzern frei, ihre pers\u00f6nlichen Daten anzugeben. Die Nichtbereitstellung von Daten kann dazu f\u00fchren, dass die angeforderte Leistung nicht erbracht werden kann. <\/p>\n<p><span style=\"font-size: 14pt;\">Rechte der betroffenen Person<\/span><\/p>\n<p>Die betroffenen Personen haben das Recht, jederzeit eine Best\u00e4tigung \u00fcber das Vorhandensein oder Nichtvorhandensein ihrer personenbezogenen Daten zu erhalten und \u00fcber deren Inhalt und Herkunft informiert zu werden, deren Richtigkeit zu \u00fcberpr\u00fcfen oder deren Erg\u00e4nzung, L\u00f6schung, Aktualisierung, Berichtigung, Umwandlung in eine anonyme Form oder Sperrung zu verlangen, wenn die Verarbeitung gegen das Gesetz verst\u00f6\u00dft, sowie sich aus legitimen Gr\u00fcnden ihrer Verarbeitung zu widersetzen.<\/p>\n<p><span style=\"font-size: 14pt;\">Datenverantwortliche und -verarbeiter<\/span><\/p>\n<p>Der f\u00fcr die Datenverarbeitung Verantwortliche ist TMC ADVISORY. Antr\u00e4ge auf Aus\u00fcbung der Rechte der betroffenen Person k\u00f6nnen an den f\u00fcr die Datenverarbeitung Verantwortlichen unter den folgenden Kontaktdaten gerichtet werden VERONA, Corso Cavour, 2 &#8211; 37121 Verona. Tel. +39 045 2220627 &#8211; email. info@tmcadvisory.com.   <\/p>\n<p>&nbsp;<\/p>\n","protected":false},"excerpt":{"rendered":"<p>Diese Website wird betrieben von: Doribene &amp; Partner via Leoncino 16 &#8211; 37121 &#8211; Verona. &nbsp; Datenschutzbestimmungen Diese Website respektiert und sch\u00fctzt die Privatsph\u00e4re ihrer Besucher und Nutzer. Diese Informationen zum Datenschutz beschreiben, wie die Website im Hinblick auf die Verarbeitung personenbezogener Daten der Nutzer, die sie konsultieren, verwaltet wird. Arten von verarbeiteten Daten Die&hellip;<\/p>\n","protected":false},"author":1,"featured_media":0,"parent":0,"menu_order":0,"comment_status":"closed","ping_status":"closed","template":"","meta":{"_acf_changed":false,"footnotes":""},"class_list":["post-3003","page","type-page","status-publish","hentry","description-off"],"acf":[],"aioseo_notices":[],"_links":{"self":[{"href":"https:\/\/tmcadvisory.com\/de\/wp-json\/wp\/v2\/pages\/3003","targetHints":{"allow":["GET"]}}],"collection":[{"href":"https:\/\/tmcadvisory.com\/de\/wp-json\/wp\/v2\/pages"}],"about":[{"href":"https:\/\/tmcadvisory.com\/de\/wp-json\/wp\/v2\/types\/page"}],"author":[{"embeddable":true,"href":"https:\/\/tmcadvisory.com\/de\/wp-json\/wp\/v2\/users\/1"}],"replies":[{"embeddable":true,"href":"https:\/\/tmcadvisory.com\/de\/wp-json\/wp\/v2\/comments?post=3003"}],"version-history":[{"count":0,"href":"https:\/\/tmcadvisory.com\/de\/wp-json\/wp\/v2\/pages\/3003\/revisions"}],"wp:attachment":[{"href":"https:\/\/tmcadvisory.com\/de\/wp-json\/wp\/v2\/media?parent=3003"}],"curies":[{"name":"wp","href":"https:\/\/api.w.org\/{rel}","templated":true}]}}