{"id":3019,"date":"2023-01-27T16:29:08","date_gmt":"2023-01-27T16:29:08","guid":{"rendered":"https:\/\/tmcadvisory.com\/sozial\/"},"modified":"2024-11-13T15:15:06","modified_gmt":"2024-11-13T15:15:06","slug":"sozial","status":"publish","type":"page","link":"https:\/\/tmcadvisory.com\/de\/sozial\/","title":{"rendered":"Sozial"},"content":{"rendered":"<div class=\"wpb-content-wrapper\"><p>[vc_row][vc_column][vc_empty_space height=&#8221;200&#8243;][vc_row_inner][vc_column_inner][vc_column_text]<span style=\"font-size: 24pt; color: #1e2b50;\">SOZIALES<\/span>[\/vc_column_text][\/vc_column_inner][\/vc_row_inner][vc_row_inner][vc_column_inner][vc_column_text]<\/p>\n<p style=\"font-weight: 400;\"><strong><span style=\"font-size: 14pt;\">Mit Ihnen helfen wir Menschen und sch\u00fctzen die Umwelt<\/span><\/strong><\/p>\n<p>[\/vc_column_text][vc_separator color=&#8221;custom&#8221; accent_color=&#8221;#986f32&#8243;][vc_column_text]<\/p>\n<p style=\"font-weight: 400; text-align: justify;\">Wenn Sie sich f\u00fcr TMC Advisory entscheiden, helfen Sie uns, einige lokale und nationale Realit\u00e4ten zu unterst\u00fctzen, die sich tagt\u00e4glich f\u00fcr die <strong>Gemeinschaft, <\/strong>f\u00fcr eine gr\u00f6\u00dfere <strong>soziale Eingliederung <\/strong>und f\u00fcr den Schutz der Umwelt und der <strong>biologischen Vielfalt<\/strong> einsetzen.<\/p>\n<p style=\"font-weight: 400; text-align: justify;\">Wir haben uns insbesondere daf\u00fcr entschieden, einen Beitrag zu leisten:<\/p>\n<p>[\/vc_column_text][\/vc_column_inner][\/vc_row_inner][vc_empty_space][vc_row_inner][vc_column_inner width=&#8221;1\/3&#8243;][vc_single_image image=&#8221;726&#8243; img_size=&#8221;full&#8221; alignment=&#8221;center&#8221; onclick=&#8221;custom_link&#8221; img_link_target=&#8221;_blank&#8221; css_animation=&#8221;bounceInLeft&#8221; link=&#8221;https:\/\/fondazionearca.eu\/it&#8221;][vc_column_text]<\/p>\n<p style=\"font-weight: 400; text-align: justify;\">Die 2012 gegr\u00fcndete <strong>A.R.C.A. Foundation (Animal Research Conservation in Action)<\/strong> engagiert sich t\u00e4glich f\u00fcr die Erhaltung und den Schutz <strong>bedrohter Tierarten <\/strong>. Dies geschieht durch Wiedereinf\u00fchrungsprojekte von Tieren, die in die freie Wildbahn entlassen werden, mit dem Ziel, das Gleichgewicht <strong>empfindlicher \u00d6kosysteme<\/strong> zu bewahren und eine Zukunft f\u00fcr unseren Planeten zu sichern. In enger Zusammenarbeit mit dem Parco Natura Viva in Bussolengo (Verona) engagiert sich die A.R.C.A.-Stiftung auch in <strong>Projekten zur Umwelterziehung und sozialen Integration.<\/strong> <\/p>\n<p>[\/vc_column_text][\/vc_column_inner][vc_column_inner width=&#8221;1\/3&#8243;][vc_single_image image=&#8221;727&#8243; img_size=&#8221;full&#8221; alignment=&#8221;center&#8221; onclick=&#8221;custom_link&#8221; img_link_target=&#8221;_blank&#8221; css_animation=&#8221;bounceInLeft&#8221; link=&#8221;https:\/\/www.croceverdebaggio.it&#8221;][vc_column_text]<\/p>\n<p style=\"font-weight: 400; text-align: justify;\">Die Organisation des Dritten Sektors Croce Verde di Baggio (Mailand) ist eine der ersten Freiwilligenorganisationen in Italien und geht auf das Jahr 1911 zur\u00fcck. Der Croce Verde di Baggio hat sich der F\u00f6rderung von Werten wie <strong>Solidarit\u00e4t<\/strong>, aktiver Beteiligung und der <strong>F\u00f6rderung des Gemeinwohls<\/strong> verschrieben. Er bietet <strong>Dienstleistungen zugunsten der<\/strong> <strong>Gemeinschaft an, <\/strong>um auf individuelle oder kollektive Bed\u00fcrfnisse zu reagieren, und organisiert Interventionen in den Bereichen Soziales, Gesundheit, Umwelt, Zivilschutz und Behinderung. <\/p>\n<p>[\/vc_column_text][\/vc_column_inner][vc_column_inner width=&#8221;1\/3&#8243;][vc_single_image image=&#8221;740&#8243; img_size=&#8221;full&#8221; alignment=&#8221;center&#8221; onclick=&#8221;custom_link&#8221; img_link_target=&#8221;_blank&#8221; css_animation=&#8221;bounceInLeft&#8221; link=&#8221;https:\/\/www.facebook.com\/MastiniCangrandiVR\/&#8221;][vc_column_text]<\/p>\n<p style=\"font-weight: 400; text-align: justify;\">Der 2016 von Veroneser Athleten der <strong>italienischen Rollstuhl-Rugby-Nationalmannschaft<\/strong> gegr\u00fcndete Amateursportverband Mastini Cangrandi Verona hat sich zum Ziel gesetzt, diesen Sport f\u00fcr <strong>Menschen mit Behinderungen<\/strong> zu verbreiten und zu f\u00f6rdern, da er einen hohen <strong>Rehabilitationswert hat und<\/strong> sowohl auf physischer als auch auf psychischer Ebene Vorteile bietet. Derzeit ist Rollstuhl-Rugby die einzige Mannschaftssportart f\u00fcr Tetraplegiker, die aufgrund ihrer schweren motorischen Probleme keine anderen Sportarten aus\u00fcben k\u00f6nnen. <\/p>\n<p>[\/vc_column_text][\/vc_column_inner][\/vc_row_inner][\/vc_column][\/vc_row]<\/p>\n<\/div>","protected":false},"excerpt":{"rendered":"<p>[vc_row][vc_column][vc_empty_space height=&#8221;200&#8243;][vc_row_inner][vc_column_inner][vc_column_text]SOZIALES[\/vc_column_text][\/vc_column_inner][\/vc_row_inner][vc_row_inner][vc_column_inner][vc_column_text] Mit Ihnen helfen wir Menschen und sch\u00fctzen die Umwelt [\/vc_column_text][vc_separator color=&#8221;custom&#8221; accent_color=&#8221;#986f32&#8243;][vc_column_text] Wenn Sie sich f\u00fcr TMC Advisory entscheiden, helfen Sie uns, einige lokale und nationale Realit\u00e4ten zu unterst\u00fctzen, die sich tagt\u00e4glich f\u00fcr die Gemeinschaft, f\u00fcr eine gr\u00f6\u00dfere soziale Eingliederung und f\u00fcr den Schutz der Umwelt und der biologischen Vielfalt einsetzen. Wir haben&hellip;<\/p>\n","protected":false},"author":1,"featured_media":0,"parent":0,"menu_order":0,"comment_status":"closed","ping_status":"closed","template":"","meta":{"_acf_changed":false,"footnotes":""},"class_list":["post-3019","page","type-page","status-publish","hentry","description-off"],"acf":[],"aioseo_notices":[],"_links":{"self":[{"href":"https:\/\/tmcadvisory.com\/de\/wp-json\/wp\/v2\/pages\/3019","targetHints":{"allow":["GET"]}}],"collection":[{"href":"https:\/\/tmcadvisory.com\/de\/wp-json\/wp\/v2\/pages"}],"about":[{"href":"https:\/\/tmcadvisory.com\/de\/wp-json\/wp\/v2\/types\/page"}],"author":[{"embeddable":true,"href":"https:\/\/tmcadvisory.com\/de\/wp-json\/wp\/v2\/users\/1"}],"replies":[{"embeddable":true,"href":"https:\/\/tmcadvisory.com\/de\/wp-json\/wp\/v2\/comments?post=3019"}],"version-history":[{"count":1,"href":"https:\/\/tmcadvisory.com\/de\/wp-json\/wp\/v2\/pages\/3019\/revisions"}],"predecessor-version":[{"id":3022,"href":"https:\/\/tmcadvisory.com\/de\/wp-json\/wp\/v2\/pages\/3019\/revisions\/3022"}],"wp:attachment":[{"href":"https:\/\/tmcadvisory.com\/de\/wp-json\/wp\/v2\/media?parent=3019"}],"curies":[{"name":"wp","href":"https:\/\/api.w.org\/{rel}","templated":true}]}}