{"id":3234,"date":"2022-11-16T16:16:51","date_gmt":"2022-11-16T16:16:51","guid":{"rendered":"https:\/\/tmcadvisory.com\/inicio\/"},"modified":"2024-11-25T09:13:36","modified_gmt":"2024-11-25T09:13:36","slug":"inicio","status":"publish","type":"page","link":"https:\/\/tmcadvisory.com\/es\/","title":{"rendered":"Inicio"},"content":{"rendered":"<div class=\"wpb-content-wrapper\"><p>[vc_row el_id=&#8221;1&#8243;][vc_column]\n\t\t\t<!-- START Slider 1 Esp REVOLUTION SLIDER 6.7.38 --><p class=\"rs-p-wp-fix\"><\/p>\n\t\t\t<rs-module-wrap id=\"rev_slider_7_1_wrapper\" data-source=\"gallery\" style=\"visibility:hidden;background:transparent;padding:0;margin:0px auto;margin-top:0;margin-bottom:0;\">\n\t\t\t\t<rs-module id=\"rev_slider_7_1\" style=\"\" data-version=\"6.7.38\">\n\t\t\t\t\t<rs-slides style=\"overflow: hidden; position: absolute;\">\n\t\t\t\t\t\t<rs-slide style=\"position: absolute;\" data-key=\"rs-8\" data-title=\"Slide\" data-in=\"o:0;\" data-out=\"a:false;\">\n\t\t\t\t\t\t\t<img decoding=\"async\" src=\"\/\/tmcadvisory.com\/wp-content\/plugins\/revslider\/sr6\/assets\/assets\/dummy.png\" alt=\"Slide\" title=\"White ways. Gold spheres.\" width=\"1814\" height=\"1047\" class=\"rev-slidebg tp-rs-img rs-lazyload\" data-lazyload=\"\/\/tmcadvisory.com\/wp-content\/plugins\/revslider\/sr6\/assets\/assets\/transparent.png\" data-no-retina>\n<!--\n\t\t\t\t\t\t\t--><rs-layer\n\t\t\t\t\t\t\t\tid=\"slider-7-slide-8-layer-0\" \n\t\t\t\t\t\t\t\tdata-type=\"image\"\n\t\t\t\t\t\t\t\tdata-rsp_ch=\"on\"\n\t\t\t\t\t\t\t\tdata-xy=\"x:c;xo:0,0,0,-23px;y:m;yo:0,0,0,-22px;\"\n\t\t\t\t\t\t\t\tdata-text=\"w:normal;s:20,20,20,7;l:0,0,0,9;\"\n\t\t\t\t\t\t\t\tdata-dim=\"w:2000px,2000px,2000px,1682px;h:1154px,1154px,1154px,971px;\"\n\t\t\t\t\t\t\t\tdata-frame_0=\"sX:1.4;sY:1.4;o:1;blu:2px;\"\n\t\t\t\t\t\t\t\tdata-frame_1=\"sp:9000;blu:0px;\"\n\t\t\t\t\t\t\t\tdata-frame_999=\"sX:1;sY:1;o:1;st:w;\"\n\t\t\t\t\t\t\t\tstyle=\"z-index:6;\"\n\t\t\t\t\t\t\t><img decoding=\"async\" src=\"\/\/tmcadvisory.com\/wp-content\/plugins\/revslider\/sr6\/assets\/assets\/dummy.png\" alt=\"\" class=\"tp-rs-img rs-lazyload\" width=\"1814\" height=\"1047\" data-lazyload=\"\/\/tmcadvisory.com\/wp-content\/uploads\/2022\/11\/AdobeStock_439430269-3.jpeg\" data-no-retina> \n\t\t\t\t\t\t\t<\/rs-layer><!--\n\n\t\t\t\t\t\t\t--><rs-layer\n\t\t\t\t\t\t\t\tid=\"slider-7-slide-8-layer-1\" \n\t\t\t\t\t\t\t\tdata-type=\"image\"\n\t\t\t\t\t\t\t\tdata-rsp_ch=\"on\"\n\t\t\t\t\t\t\t\tdata-xy=\"xo:122px,122px,122px,7px;y:m;yo:120px,120px,120px,0;\"\n\t\t\t\t\t\t\t\tdata-text=\"w:normal;s:20,20,20,7;l:0,0,0,9;\"\n\t\t\t\t\t\t\t\tdata-dim=\"w:371px,371px,371px,309px;h:371px,371px,371px,309px;\"\n\t\t\t\t\t\t\t\tdata-frame_0=\"o:1;\"\n\t\t\t\t\t\t\t\tdata-frame_1=\"x:1px,1px,1px,0px;y:-78px,-78px,-78px,-29px;sp:9000;\"\n\t\t\t\t\t\t\t\tdata-frame_999=\"o:1;st:w;\"\n\t\t\t\t\t\t\t\tstyle=\"z-index:8;\"\n\t\t\t\t\t\t\t><img decoding=\"async\" src=\"\/\/tmcadvisory.com\/wp-content\/plugins\/revslider\/sr6\/assets\/assets\/dummy.png\" alt=\"\" class=\"tp-rs-img rs-lazyload\" width=\"591\" height=\"591\" data-lazyload=\"\/\/tmcadvisory.com\/wp-content\/uploads\/2022\/11\/SCUDO.png\" data-no-retina> \n\t\t\t\t\t\t\t<\/rs-layer><!--\n\n\t\t\t\t\t\t\t--><rs-layer\n\t\t\t\t\t\t\t\tid=\"slider-7-slide-8-layer-2\" \n\t\t\t\t\t\t\t\tdata-type=\"image\"\n\t\t\t\t\t\t\t\tdata-rsp_ch=\"on\"\n\t\t\t\t\t\t\t\tdata-xy=\"xo:0,0,0,-302px;y:m;yo:0,0,0,-15px;\"\n\t\t\t\t\t\t\t\tdata-text=\"w:normal;s:20,20,20,7;l:0,0,0,9;\"\n\t\t\t\t\t\t\t\tdata-dim=\"w:600px,600px,600px,621px;h:900px,900px,900px,931px;\"\n\t\t\t\t\t\t\t\tdata-frame_0=\"o:1;\"\n\t\t\t\t\t\t\t\tdata-frame_1=\"sp:9000;\"\n\t\t\t\t\t\t\t\tdata-frame_999=\"o:1;st:w;\"\n\t\t\t\t\t\t\t\tstyle=\"z-index:7;\"\n\t\t\t\t\t\t\t><img decoding=\"async\" src=\"\/\/tmcadvisory.com\/wp-content\/plugins\/revslider\/sr6\/assets\/assets\/dummy.png\" alt=\"\" class=\"tp-rs-img rs-lazyload\" width=\"600\" height=\"900\" data-lazyload=\"\/\/tmcadvisory.com\/wp-content\/uploads\/2022\/11\/velaunga.png\" data-no-retina> \n\t\t\t\t\t\t\t<\/rs-layer><!--\n\n\t\t\t\t\t\t\t--><rs-layer\n\t\t\t\t\t\t\t\tid=\"slider-7-slide-8-layer-3\" \n\t\t\t\t\t\t\t\tdata-type=\"text\"\n\t\t\t\t\t\t\t\tdata-color=\"#1e2b50\"\n\t\t\t\t\t\t\t\tdata-rsp_ch=\"on\"\n\t\t\t\t\t\t\t\tdata-xy=\"xo:147px,147px,147px,44px;yo:480px,480px,480px,386px;\"\n\t\t\t\t\t\t\t\tdata-text=\"w:normal;s:40,40,40,30;l:50,50,50,35;fw:300;\"\n\t\t\t\t\t\t\t\tdata-frame_1=\"x:2px,2px,2px,0px;y:-71px,-71px,-71px,-27px;sp:9000;\"\n\t\t\t\t\t\t\t\tdata-frame_999=\"o:1;st:w;\"\n\t\t\t\t\t\t\t\tstyle=\"z-index:9;font-family:'Roboto';\"\n\t\t\t\t\t\t\t>CONTIGO,<br \/>\nPARA LOGRAR<br \/>\nEMPRESAS \u00daNICAS \n\t\t\t\t\t\t\t<\/rs-layer><!--\n\n\t\t\t\t\t\t\t--><a\n\t\t\t\t\t\t\t\tid=\"slider-7-slide-8-layer-5\" \n\t\t\t\t\t\t\t\tclass=\"rs-layer\"\n\t\t\t\t\t\t\t\thref=\"https:\/\/tmcadvisory.com\" target=\"_self\"\n\t\t\t\t\t\t\t\tdata-type=\"image\"\n\t\t\t\t\t\t\t\tdata-rsp_ch=\"on\"\n\t\t\t\t\t\t\t\tdata-xy=\"xo:76px,76px,76px,21px;yo:76px,76px,76px,26px;\"\n\t\t\t\t\t\t\t\tdata-text=\"w:normal;s:20,20,20,7;l:0,0,0,9;\"\n\t\t\t\t\t\t\t\tdata-dim=\"w:434px,434px,434px,280px;h:160px,160px,160px,103px;\"\n\t\t\t\t\t\t\t\tdata-frame_999=\"o:0;st:w;\"\n\t\t\t\t\t\t\t\tstyle=\"z-index:14;\"\n\t\t\t\t\t\t\t><img decoding=\"async\" src=\"\/\/tmcadvisory.com\/wp-content\/plugins\/revslider\/sr6\/assets\/assets\/dummy.png\" alt=\"\" class=\"tp-rs-img rs-lazyload\" width=\"1280\" height=\"473\" data-lazyload=\"\/\/tmcadvisory.com\/wp-content\/uploads\/2022\/11\/LOGO_TMC.png\" data-no-retina> \n\t\t\t\t\t\t\t<\/a><!--\n-->\t\t\t\t\t<\/rs-slide>\n\t\t\t\t\t<\/rs-slides>\n\t\t\t\t<\/rs-module>\n\t\t\t\t<script>\n\t\t\t\t\tsetREVStartSize({c: 'rev_slider_7_1',rl:[1240,1240,1240,480],el:[900,900,900,900],gw:[1240,1240,1240,480],gh:[900,900,900,900],type:'standard',justify:'',layout:'fullwidth',mh:\"0\"});if (window.RS_MODULES!==undefined && window.RS_MODULES.modules!==undefined && window.RS_MODULES.modules[\"revslider71\"]!==undefined) {window.RS_MODULES.modules[\"revslider71\"].once = false;window.revapi7 = undefined;if (window.RS_MODULES.checkMinimal!==undefined) window.RS_MODULES.checkMinimal()}\n\t\t\t\t<\/script>\n\t\t\t<\/rs-module-wrap>\n\t\t\t<!-- END REVOLUTION SLIDER -->\n[\/vc_column][\/vc_row][vc_row bg_type=&#8221;video&#8221; video_url=&#8221;https:\/\/tmcadvisory.com\/wp-content\/uploads\/2022\/11\/sfondotmc1.mp4&#8243; video_opts=&#8221;loop,muted&#8221; bg_override=&#8221;ex-full&#8221; fadeout_row=&#8221;fadeout_row_value&#8221; fadeout_start_effect=&#8221;30&#8243; el_id=&#8221;2&#8243;][vc_column width=&#8221;1\/6&#8243; offset=&#8221;vc_hidden-xs&#8221;][vc_empty_space height=&#8221;60&#8243;][vc_single_image image=&#8221;82&#8243; img_size=&#8221;full&#8221; onclick=&#8221;custom_link&#8221; css_animation=&#8221;bounceInLeft&#8221; link=&#8221;#1&#8243;][\/vc_column][vc_column width=&#8221;2\/3&#8243;][vc_row_inner][vc_column_inner][\/vc_column_inner][\/vc_row_inner][vc_row_inner][vc_column_inner offset=&#8221;vc_hidden-xs&#8221;][vc_empty_space height=&#8221;300&#8243;][\/vc_column_inner][\/vc_row_inner][vc_row_inner][vc_column_inner offset=&#8221;vc_hidden-lg vc_hidden-md vc_hidden-sm&#8221;][vc_empty_space height=&#8221;50&#8243;][\/vc_column_inner][\/vc_row_inner][vc_column_text css_animation=&#8221;bounceInLeft&#8221; css=&#8221;.vc_custom_1675417999178{margin-bottom: 0px !important;border-bottom-width: 0px !important;padding-bottom: 0px !important;}&#8221;]<\/p>\n<h2><span style=\"font-size: 22pt; color: #1e2b50;\">Hacer negocios en el mundo global: \u00bfAprovechar el reto?<\/span><\/h2>\n<p>[\/vc_column_text][vc_separator color=&#8221;custom&#8221; css=&#8221;.vc_custom_1675418007763{margin-top: 0px !important;border-top-width: 0px !important;padding-top: 0px !important;}&#8221; accent_color=&#8221;#986f32&#8243;][vc_column_text css_animation=&#8221;bounceInLeft&#8221;]<\/p>\n<p style=\"font-weight: 400; text-align: justify;\"><strong><br \/>\nQuieres convertir una intuici\u00f3n en un negocio, o<\/strong> <strong>hacer crecer tu empresa y conquistar nuevos mercados.<\/strong>Ante la <strong> <strong>complejidad y los riesgos<\/strong> que ello puede entra\u00f1ar, te acompa\u00f1aremos, explic\u00e1ndote siempre las cosas como son. Te propondremos <strong>caminos viables<\/strong> sin dejar nada al azar: si es necesario, implicaremos a varios profesionales del equipo de TMC Advisory para profundizar en todas las facetas y posibles consecuencias de las opciones a las que te enfrentas. De este modo, siempre sabr\u00e1s <strong>decidir claramente<\/strong> en qu\u00e9 direcci\u00f3n llevar a tu empresa.<\/strong><\/p>\n<p>[\/vc_column_text]<div class=\" ubtn-ctn-center \"><a class=\"ubtn-link ult-adjust-bottom-margin ubtn-center ubtn-small \" href=\"\/servizi\/\" title=\"Servizi\" ><button type=\"button\" id=\"ubtn-9460\"  class=\"ubtn ult-adjust-bottom-margin ult-responsive ubtn-small ubtn-no-hover-bg  ulta-grow  ubtn-center   tooltip-69e8f33f06b8f\"  data-hover=\"\" data-border-color=\"\" data-bg=\"#1e2b50\" data-hover-bg=\"\" data-border-hover=\"\" data-shadow-hover=\"\" data-shadow-click=\"none\" data-shadow=\"\" data-shd-shadow=\"\"  data-ultimate-target='#ubtn-9460'  data-responsive-json-new='{\"font-size\":\"\",\"line-height\":\"\"}'  style=\"font-weight:normal;border-radius:15px;border-width:1px;border-color:;border-style:solid;background: #1e2b50;color: #ffffff;\"><span class=\"ubtn-hover\" style=\"background-color:\"><\/span><span class=\"ubtn-data ubtn-text \" >DESCUBRE C\u00d3MO PODEMOS AYUDARTE<\/span><\/button><\/a><\/div>[vc_row_inner][vc_column_inner offset=&#8221;vc_hidden-lg vc_hidden-md vc_hidden-sm&#8221;][vc_empty_space height=&#8221;50&#8243;][\/vc_column_inner][\/vc_row_inner][vc_row_inner][vc_column_inner offset=&#8221;vc_hidden-xs&#8221;][vc_empty_space height=&#8221;250&#8243;][\/vc_column_inner][\/vc_row_inner][\/vc_column][vc_column width=&#8221;1\/6&#8243;][\/vc_column][\/vc_row][vc_row bg_type=&#8221;video&#8221; video_url=&#8221;https:\/\/tmcadvisory.com\/wp-content\/uploads\/2022\/11\/sfondotmc4.mp4&#8243; video_opts=&#8221;loop,muted&#8221; viewport_vdo=&#8221;viewport_play&#8221; bg_override=&#8221;ex-full&#8221; el_id=&#8221;3&#8243;][vc_column width=&#8221;1\/6&#8243; offset=&#8221;vc_hidden-xs&#8221;][vc_empty_space height=&#8221;60&#8243;][vc_single_image image=&#8221;82&#8243; img_size=&#8221;full&#8221; onclick=&#8221;custom_link&#8221; css_animation=&#8221;bounceInLeft&#8221; link=&#8221;#1&#8243;][\/vc_column][vc_column width=&#8221;2\/3&#8243;][vc_row_inner][vc_column_inner offset=&#8221;vc_hidden-lg vc_hidden-md vc_hidden-sm&#8221;][vc_empty_space height=&#8221;30&#8243;][\/vc_column_inner][\/vc_row_inner][vc_row_inner][vc_column_inner offset=&#8221;vc_hidden-xs&#8221;][vc_empty_space height=&#8221;300&#8243;][\/vc_column_inner][\/vc_row_inner][vc_column_text css_animation=&#8221;bounceInLeft&#8221; css=&#8221;.vc_custom_1675418058320{margin-bottom: 0px !important;border-bottom-width: 0px !important;padding-bottom: 0px !important;}&#8221;]<\/p>\n<h2><span style=\"font-size: 22pt; color: #1e2b50;\">Junto a ti en cada etapa de tu empresa<\/span><\/h2>\n<p>[\/vc_column_text][vc_separator color=&#8221;custom&#8221; css=&#8221;.vc_custom_1675418066179{margin-top: 0px !important;border-top-width: 0px !important;padding-top: 0px !important;}&#8221; accent_color=&#8221;#986f32&#8243;][vc_column_text css_animation=&#8221;bounceInLeft&#8221;]<\/p>\n<p style=\"font-weight: 400; text-align: justify;\"><strong>Contabilidad, fiscalidad, disputas legales, transacciones corporativas nacionales e internacionales<\/strong>: con TMC Advisory todo ser\u00e1 m\u00e1s f\u00e1cil.<br \/>\nSeremos tu <strong>socio presente y de confianza<\/strong> durante todo el camino hasta tu objetivo, en una asesor\u00eda realmente personalizada. Te ayudaremos a encontrar tu camino: tan \u00fanico como tu idea de negocio.<\/p>\n<p>[\/vc_column_text]<div class=\" ubtn-ctn-center \"><a class=\"ubtn-link ult-adjust-bottom-margin ubtn-center ubtn-small \" href=\"https:\/\/tmcadvisory.com\/ci-presentiamo\/\" ><button type=\"button\" id=\"ubtn-1261\"  class=\"ubtn ult-adjust-bottom-margin ult-responsive ubtn-small ubtn-no-hover-bg  ulta-grow  ubtn-center   tooltip-69e8f33f06c34\"  data-hover=\"\" data-border-color=\"\" data-bg=\"#1e2b50\" data-hover-bg=\"\" data-border-hover=\"\" data-shadow-hover=\"\" data-shadow-click=\"none\" data-shadow=\"\" data-shd-shadow=\"\"  data-ultimate-target='#ubtn-1261'  data-responsive-json-new='{\"font-size\":\"\",\"line-height\":\"\"}'  style=\"font-weight:normal;border-radius:15px;border-width:1px;border-color:;border-style:solid;background: #1e2b50;color: #ffffff;\"><span class=\"ubtn-hover\" style=\"background-color:\"><\/span><span class=\"ubtn-data ubtn-text \" >POR QU\u00c9 ELEGIR TMC<\/span><\/button><\/a><\/div>[vc_row_inner][vc_column_inner offset=&#8221;vc_hidden-lg vc_hidden-md vc_hidden-sm&#8221;][vc_empty_space height=&#8221;50&#8243;][\/vc_column_inner][\/vc_row_inner][vc_row_inner][vc_column_inner offset=&#8221;vc_hidden-lg vc_hidden-md vc_hidden-sm&#8221;][vc_empty_space height=&#8221;50&#8243;][\/vc_column_inner][\/vc_row_inner][vc_row_inner][vc_column_inner offset=&#8221;vc_hidden-xs&#8221;][vc_empty_space height=&#8221;280&#8243;][\/vc_column_inner][\/vc_row_inner][\/vc_column][vc_column width=&#8221;1\/6&#8243;][\/vc_column][\/vc_row][vc_row bg_type=&#8221;video&#8221; video_url=&#8221;https:\/\/tmcadvisory.com\/wp-content\/uploads\/2022\/11\/sfondotmc6.mp4&#8243; video_opts=&#8221;loop,muted&#8221; viewport_vdo=&#8221;viewport_play&#8221; bg_override=&#8221;ex-full&#8221; el_id=&#8221;4&#8243;][vc_column][vc_row_inner][vc_column_inner width=&#8221;1\/6&#8243; offset=&#8221;vc_hidden-xs&#8221;][vc_empty_space height=&#8221;60&#8243;][vc_single_image image=&#8221;82&#8243; img_size=&#8221;full&#8221; onclick=&#8221;custom_link&#8221; css_animation=&#8221;bounceInLeft&#8221; link=&#8221;#1&#8243;][\/vc_column_inner][vc_column_inner width=&#8221;2\/3&#8243;][\/vc_column_inner][vc_column_inner width=&#8221;1\/6&#8243;][\/vc_column_inner][\/vc_row_inner][vc_row_inner][vc_column_inner offset=&#8221;vc_hidden-lg vc_hidden-md vc_hidden-sm&#8221;][vc_empty_space height=&#8221;30&#8243;][\/vc_column_inner][\/vc_row_inner][vc_row_inner][vc_column_inner width=&#8221;1\/6&#8243; offset=&#8221;vc_hidden-xs&#8221;][\/vc_column_inner][vc_column_inner width=&#8221;2\/3&#8243;][vc_empty_space height=&#8221;130&#8243;][vc_column_text css_animation=&#8221;bounceInLeft&#8221; css=&#8221;.vc_custom_1675422691108{margin-bottom: 0px !important;border-bottom-width: 0px !important;padding-bottom: 0px !important;}&#8221;]<\/p>\n<h2 style=\"text-align: left;\"><span style=\"font-size: 22pt; color: #1e2b50;\">LOS N\u00daMEROS CON LOS QUE PUEDES CONTAR<\/span><\/h2>\n<p>[\/vc_column_text][vc_separator color=&#8221;custom&#8221; css=&#8221;.vc_custom_1675418096968{margin-top: 0px !important;border-top-width: 0px !important;padding-top: 0px !important;}&#8221; accent_color=&#8221;#986f32&#8243;][\/vc_column_inner][vc_column_inner width=&#8221;1\/6&#8243;][\/vc_column_inner][\/vc_row_inner][vc_empty_space height=&#8221;100&#8243;][vc_row_inner css=&#8221;.vc_custom_1675422972698{padding-right: 90px !important;padding-left: 90px !important;}&#8221;][vc_column_inner width=&#8221;1\/4&#8243;]<div class=\"stats-block stats-top  \"><div class=\"aio-icon-top\"><div class=\"ult-just-icon-wrapper  \"><div class=\"align-icon\" style=\"text-align:center;\"><\/div><\/div><\/div><div class=\"stats-desc\" id=\"counter-responsv-wrap-6263\"><div id=\"counter_231115641769e8f33f06d85\" data-id=\"counter_231115641769e8f33f06d85\"  data-ultimate-target='#counter-responsv-wrap-6263 .stats-number'  data-responsive-json-new='{\"font-size\":\"\",\"line-height\":\"\"}'  class=\"stats-number ult-responsive\" style=\"font-size:28px;  \" data-speed=\"5\" data-counter-value=\"50\" data-separator=\",\" data-decimal=\".\">0<\/div><div id=\"title-counter_231115641769e8f33f06d85\"  data-ultimate-target='#counter-responsv-wrap-6263 .stats-text'  data-responsive-json-new='{\"font-size\":\"\",\"line-height\":\"\"}'  class=\"stats-text ult-responsive\" style=\"font-size:18px;  \">\u00c1reas de especializaci\u00f3n<\/div><\/div><\/div><div class=\" ubtn-ctn-center \"><a class=\"ubtn-link ult-adjust-bottom-margin ubtn-center ubtn-small \" href=\"https:\/\/tmcadvisory.com\/servizi\/\" title=\"Servizi\" ><button type=\"button\" id=\"ubtn-7208\"  class=\"ubtn ult-adjust-bottom-margin ult-responsive ubtn-small ubtn-no-hover-bg  ulta-grow  ubtn-center   tooltip-69e8f33f06db0\"  data-hover=\"\" data-border-color=\"\" data-bg=\"#1e2b50\" data-hover-bg=\"\" data-border-hover=\"\" data-shadow-hover=\"\" data-shadow-click=\"none\" data-shadow=\"\" data-shd-shadow=\"\"  data-ultimate-target='#ubtn-7208'  data-responsive-json-new='{\"font-size\":\"\",\"line-height\":\"\"}'  style=\"font-weight:normal;border-radius:15px;border-width:1px;border-color:;border-style:solid;background: #1e2b50;color: #ffffff;\"><span class=\"ubtn-hover\" style=\"background-color:\"><\/span><span class=\"ubtn-data ubtn-text \" >DESCUBRE M\u00c1S<\/span><\/button><\/a><\/div>[\/vc_column_inner][vc_column_inner width=&#8221;1\/4&#8243;]<div class=\"stats-block stats-top  \"><div class=\"aio-icon-top\"><div class=\"ult-just-icon-wrapper  \"><div class=\"align-icon\" style=\"text-align:center;\"><\/div><\/div><\/div><div class=\"stats-desc\" id=\"counter-responsv-wrap-5787\"><div id=\"counter_247384932169e8f33f06e2b\" data-id=\"counter_247384932169e8f33f06e2b\"  data-ultimate-target='#counter-responsv-wrap-5787 .stats-number'  data-responsive-json-new='{\"font-size\":\"\",\"line-height\":\"\"}'  class=\"stats-number ult-responsive\" style=\"font-size:28px;  \" data-speed=\"5\" data-counter-value=\"31\" data-separator=\",\" data-decimal=\".\">0<\/div><div id=\"title-counter_247384932169e8f33f06e2b\"  data-ultimate-target='#counter-responsv-wrap-5787 .stats-text'  data-responsive-json-new='{\"font-size\":\"\",\"line-height\":\"\"}'  class=\"stats-text ult-responsive\" style=\"font-size:18px;  \">Profesionales con experiencia<\/div><\/div><\/div><div class=\" ubtn-ctn-center \"><a class=\"ubtn-link ult-adjust-bottom-margin ubtn-center ubtn-small \" href=\"https:\/\/tmcadvisory.com\/team\/\" ><button type=\"button\" id=\"ubtn-5544\"  class=\"ubtn ult-adjust-bottom-margin ult-responsive ubtn-small ubtn-no-hover-bg  ulta-grow  ubtn-center   tooltip-69e8f33f06e4e\"  data-hover=\"\" data-border-color=\"\" data-bg=\"#1e2b50\" data-hover-bg=\"\" data-border-hover=\"\" data-shadow-hover=\"\" data-shadow-click=\"none\" data-shadow=\"\" data-shd-shadow=\"\"  data-ultimate-target='#ubtn-5544'  data-responsive-json-new='{\"font-size\":\"\",\"line-height\":\"\"}'  style=\"font-weight:normal;border-radius:15px;border-width:1px;border-color:;border-style:solid;background: #1e2b50;color: #ffffff;\"><span class=\"ubtn-hover\" style=\"background-color:\"><\/span><span class=\"ubtn-data ubtn-text \" >DESCUBRE M\u00c1S<\/span><\/button><\/a><\/div>[\/vc_column_inner][vc_column_inner width=&#8221;1\/4&#8243;]<div class=\"stats-block stats-top  \"><div class=\"aio-icon-top\"><div class=\"ult-just-icon-wrapper  \"><div class=\"align-icon\" style=\"text-align:center;\"><\/div><\/div><\/div><div class=\"stats-desc\" id=\"counter-responsv-wrap-4248\"><div id=\"counter_164272918769e8f33f06ea0\" data-id=\"counter_164272918769e8f33f06ea0\"  data-ultimate-target='#counter-responsv-wrap-4248 .stats-number'  data-responsive-json-new='{\"font-size\":\"\",\"line-height\":\"\"}'  class=\"stats-number ult-responsive\" style=\"font-size:28px;  \" data-speed=\"5\" data-counter-value=\"3\" data-separator=\",\" data-decimal=\".\">0<\/div><div id=\"title-counter_164272918769e8f33f06ea0\"  data-ultimate-target='#counter-responsv-wrap-4248 .stats-text'  data-responsive-json-new='{\"font-size\":\"\",\"line-height\":\"\"}'  class=\"stats-text ult-responsive\" style=\"font-size:18px;  \">Pa\u00edses en los que estamos presentes<\/div><\/div><\/div><div class=\" ubtn-ctn-center \"><a class=\"ubtn-link ult-adjust-bottom-margin ubtn-center ubtn-small \" href=\"https:\/\/tmcadvisory.com\/sedi\/\" title=\"Sedi\" ><button type=\"button\" id=\"ubtn-3587\"  class=\"ubtn ult-adjust-bottom-margin ult-responsive ubtn-small ubtn-no-hover-bg  ulta-grow  ubtn-center   tooltip-69e8f33f06eb5\"  data-hover=\"\" data-border-color=\"\" data-bg=\"#1e2b50\" data-hover-bg=\"\" data-border-hover=\"\" data-shadow-hover=\"\" data-shadow-click=\"none\" data-shadow=\"\" data-shd-shadow=\"\"  data-ultimate-target='#ubtn-3587'  data-responsive-json-new='{\"font-size\":\"\",\"line-height\":\"\"}'  style=\"font-weight:normal;border-radius:15px;border-width:1px;border-color:;border-style:solid;background: #1e2b50;color: #ffffff;\"><span class=\"ubtn-hover\" style=\"background-color:\"><\/span><span class=\"ubtn-data ubtn-text \" >DESCUBRE M\u00c1S<\/span><\/button><\/a><\/div>[\/vc_column_inner][vc_column_inner width=&#8221;1\/4&#8243;]<div class=\"stats-block stats-top  \"><div class=\"aio-icon-top\"><div class=\"ult-just-icon-wrapper  \"><div class=\"align-icon\" style=\"text-align:center;\"><\/div><\/div><\/div><div class=\"stats-desc\" id=\"counter-responsv-wrap-9732\"><div id=\"counter_256830295869e8f33f06eff\" data-id=\"counter_256830295869e8f33f06eff\"  data-ultimate-target='#counter-responsv-wrap-9732 .stats-number'  data-responsive-json-new='{\"font-size\":\"\",\"line-height\":\"\"}'  class=\"stats-number ult-responsive\" style=\"font-size:28px;  \" data-speed=\"5\" data-counter-value=\"8\" data-separator=\",\" data-decimal=\".\">0<\/div><div id=\"title-counter_256830295869e8f33f06eff\"  data-ultimate-target='#counter-responsv-wrap-9732 .stats-text'  data-responsive-json-new='{\"font-size\":\"\",\"line-height\":\"\"}'  class=\"stats-text ult-responsive\" style=\"font-size:18px;  \">Nuestras sedes<\/div><\/div><\/div><div class=\" ubtn-ctn-center \"><a class=\"ubtn-link ult-adjust-bottom-margin ubtn-center ubtn-small \" href=\"https:\/\/tmcadvisory.com\/sedi\/\" title=\"Sedi\" ><button type=\"button\" id=\"ubtn-9352\"  class=\"ubtn ult-adjust-bottom-margin ult-responsive ubtn-small ubtn-no-hover-bg  ulta-grow  ubtn-center   tooltip-69e8f33f06f12\"  data-hover=\"\" data-border-color=\"\" data-bg=\"#1e2b50\" data-hover-bg=\"\" data-border-hover=\"\" data-shadow-hover=\"\" data-shadow-click=\"none\" data-shadow=\"\" data-shd-shadow=\"\"  data-ultimate-target='#ubtn-9352'  data-responsive-json-new='{\"font-size\":\"\",\"line-height\":\"\"}'  style=\"font-weight:normal;border-radius:15px;border-width:1px;border-color:;border-style:solid;background: #1e2b50;color: #ffffff;\"><span class=\"ubtn-hover\" style=\"background-color:\"><\/span><span class=\"ubtn-data ubtn-text \" >DESCUBRE M\u00c1S<\/span><\/button><\/a><\/div>[\/vc_column_inner][\/vc_row_inner][vc_row_inner][vc_column_inner offset=&#8221;vc_hidden-xs&#8221;][vc_empty_space height=&#8221;350&#8243;][\/vc_column_inner][\/vc_row_inner][\/vc_column][\/vc_row][vc_row][vc_column][vc_empty_space][vc_column_text css=&#8221;&#8221;]2026 TMC Advisory\u00ae El proyecto TMC Advisory STP se refiere a la estructuraci\u00f3n de una realidad agregada de profesionales que, con sus propias competencias, se colocan en el mercado como un \u00fanico punto de referencia para la consultor\u00eda estrat\u00e9gica empresarial. El objetivo es introducir servicios innovadores, mediante la estructuraci\u00f3n de una nueva oficina en Ferrara, punto de referencia de la actividad. Se concedi\u00f3 una contribuci\u00f3n regional de 42.045,60 euros para la realizaci\u00f3n del proyecto. <a href=\"https:\/\/tmcadvisory.com\/wp-content\/uploads\/2024\/01\/Poster-TMC.pdf\">Carteles a la Convocatoria de Propuestas<\/a><\/p>\n<p><img loading=\"lazy\" decoding=\"async\" class=\"aligncenter wp-image-1252 size-medium\" title=\"Imagen del cartel (2), p\u00e1gina 1\" src=\"https:\/\/tmcadvisory.com\/wp-content\/uploads\/2024\/05\/Immagine-da-poster-2-pagina-1-300x58.png\" alt=\"\" width=\"300\" height=\"58\" srcset=\"https:\/\/tmcadvisory.com\/wp-content\/uploads\/2024\/05\/Immagine-da-poster-2-pagina-1-300x58.png 300w, https:\/\/tmcadvisory.com\/wp-content\/uploads\/2024\/05\/Immagine-da-poster-2-pagina-1-1024x199.png 1024w, https:\/\/tmcadvisory.com\/wp-content\/uploads\/2024\/05\/Immagine-da-poster-2-pagina-1-768x149.png 768w, https:\/\/tmcadvisory.com\/wp-content\/uploads\/2024\/05\/Immagine-da-poster-2-pagina-1-1536x298.png 1536w, https:\/\/tmcadvisory.com\/wp-content\/uploads\/2024\/05\/Immagine-da-poster-2-pagina-1-2048x397.png 2048w\" sizes=\"auto, (max-width: 300px) 100vw, 300px\" \/>[\/vc_column_text][\/vc_column][\/vc_row]<\/p>\n<\/div>","protected":false},"excerpt":{"rendered":"<p>[vc_row el_id=&#8221;1&#8243;][vc_column][\/vc_column][\/vc_row][vc_row bg_type=&#8221;video&#8221; video_url=&#8221;https:\/\/tmcadvisory.com\/wp-content\/uploads\/2022\/11\/sfondotmc1.mp4&#8243; video_opts=&#8221;loop,muted&#8221; bg_override=&#8221;ex-full&#8221; fadeout_row=&#8221;fadeout_row_value&#8221; fadeout_start_effect=&#8221;30&#8243; el_id=&#8221;2&#8243;][vc_column width=&#8221;1\/6&#8243; offset=&#8221;vc_hidden-xs&#8221;][vc_empty_space height=&#8221;60&#8243;][vc_single_image image=&#8221;82&#8243; img_size=&#8221;full&#8221; onclick=&#8221;custom_link&#8221; css_animation=&#8221;bounceInLeft&#8221; link=&#8221;#1&#8243;][\/vc_column][vc_column width=&#8221;2\/3&#8243;][vc_row_inner][vc_column_inner][\/vc_column_inner][\/vc_row_inner][vc_row_inner][vc_column_inner offset=&#8221;vc_hidden-xs&#8221;][vc_empty_space height=&#8221;300&#8243;][\/vc_column_inner][\/vc_row_inner][vc_row_inner][vc_column_inner offset=&#8221;vc_hidden-lg vc_hidden-md vc_hidden-sm&#8221;][vc_empty_space height=&#8221;50&#8243;][\/vc_column_inner][\/vc_row_inner][vc_column_text css_animation=&#8221;bounceInLeft&#8221; css=&#8221;.vc_custom_1675417999178{margin-bottom: 0px !important;border-bottom-width: 0px !important;padding-bottom: 0px !important;}&#8221;] Hacer negocios en el mundo global: \u00bfAprovechar el reto? [\/vc_column_text][vc_separator color=&#8221;custom&#8221; css=&#8221;.vc_custom_1675418007763{margin-top: 0px !important;border-top-width: 0px !important;padding-top: 0px !important;}&#8221; accent_color=&#8221;#986f32&#8243;][vc_column_text css_animation=&#8221;bounceInLeft&#8221;] Quieres convertir una&hellip;<\/p>\n","protected":false},"author":1,"featured_media":1512,"parent":0,"menu_order":0,"comment_status":"closed","ping_status":"closed","template":"template-microsite.php","meta":{"_acf_changed":false,"footnotes":""},"class_list":["post-3234","page","type-page","status-publish","has-post-thumbnail","hentry","description-off"],"acf":[],"aioseo_notices":[],"_links":{"self":[{"href":"https:\/\/tmcadvisory.com\/es\/wp-json\/wp\/v2\/pages\/3234","targetHints":{"allow":["GET"]}}],"collection":[{"href":"https:\/\/tmcadvisory.com\/es\/wp-json\/wp\/v2\/pages"}],"about":[{"href":"https:\/\/tmcadvisory.com\/es\/wp-json\/wp\/v2\/types\/page"}],"author":[{"embeddable":true,"href":"https:\/\/tmcadvisory.com\/es\/wp-json\/wp\/v2\/users\/1"}],"replies":[{"embeddable":true,"href":"https:\/\/tmcadvisory.com\/es\/wp-json\/wp\/v2\/comments?post=3234"}],"version-history":[{"count":10,"href":"https:\/\/tmcadvisory.com\/es\/wp-json\/wp\/v2\/pages\/3234\/revisions"}],"predecessor-version":[{"id":3479,"href":"https:\/\/tmcadvisory.com\/es\/wp-json\/wp\/v2\/pages\/3234\/revisions\/3479"}],"wp:featuredmedia":[{"embeddable":true,"href":"https:\/\/tmcadvisory.com\/es\/wp-json\/wp\/v2\/media\/1512"}],"wp:attachment":[{"href":"https:\/\/tmcadvisory.com\/es\/wp-json\/wp\/v2\/media?parent=3234"}],"curies":[{"name":"wp","href":"https:\/\/api.w.org\/{rel}","templated":true}]}}