{"id":3239,"date":"2022-11-28T12:28:18","date_gmt":"2022-11-28T12:28:18","guid":{"rendered":"https:\/\/tmcadvisory.com\/nos-presentamos\/"},"modified":"2024-11-13T15:48:09","modified_gmt":"2024-11-13T15:48:09","slug":"nos-presentamos","status":"publish","type":"page","link":"https:\/\/tmcadvisory.com\/es\/nos-presentamos\/","title":{"rendered":"Nos presentamos"},"content":{"rendered":"<div class=\"wpb-content-wrapper\"><p>[vc_row bg_type=&#8221;video&#8221; video_url=&#8221;https:\/\/tmcadvisory.com\/wp-content\/uploads\/2022\/11\/sfondotmcmondo.mp4&#8243; video_opts=&#8221;loop&#8221; viewport_vdo=&#8221;viewport_play&#8221; bg_override=&#8221;ex-full&#8221;][vc_column][vc_row_inner][vc_column_inner offset=&#8221;vc_hidden-lg vc_hidden-md vc_hidden-sm&#8221;][vc_empty_space height=&#8221;100&#8243;][\/vc_column_inner][\/vc_row_inner][vc_row_inner][vc_column_inner offset=&#8221;vc_hidden-xs&#8221;][vc_empty_space height=&#8221;200&#8243;][\/vc_column_inner][\/vc_row_inner][vc_row_inner][vc_column_inner][vc_column_text]<span style=\"font-size: 24pt; color: #1e2b50;\">ESTAMOS PRESENTES<\/span>[\/vc_column_text][\/vc_column_inner][\/vc_row_inner][vc_row_inner][vc_column_inner][vc_column_text]<strong><span style=\"font-size: 14pt;\">Encontrar soluciones es nuestro negocio<\/span><\/strong>[\/vc_column_text][\/vc_column_inner][\/vc_row_inner][vc_separator color=&#8221;custom&#8221; accent_color=&#8221;#986f32&#8243;][vc_column_text]<\/p>\n<p style=\"font-weight: 400; text-align: justify;\">Encontrar nuevas formas de <strong>proteger lo que has construido<\/strong> para ti, y para los que vendr\u00e1n despu\u00e9s de ti, es nuestro objetivo. Hacemos todo esto con transparencia, siguiendo las normas y <strong>haciendo las cosas bien.<\/strong> <strong>TMC<\/strong> <b>Advisory te acompa\u00f1a <\/b><strong>en tu crecimiento y hacia el \u00e9xito<\/strong>: porque apoyar tu creatividad y determinaci\u00f3n con nuestro ingenio nos hace sentir parte de tu negocio, un poco como si todos <strong>form\u00e1ramos parte de la misma familia<\/strong>. <\/p>\n<p>[\/vc_column_text][vc_empty_space][vc_row_inner][vc_column_inner width=&#8221;1\/2&#8243;][vc_column_text]<strong><span style=\"font-size: 14pt;\">No ser\u00e1s una empresa entre muchas<\/span><\/strong>[\/vc_column_text][vc_separator color=&#8221;custom&#8221; accent_color=&#8221;#986f32&#8243;][vc_column_text]<\/p>\n<p style=\"font-weight: 400; text-align: justify;\">Nos ocuparemos de tu idea emprendedora, de los <strong>retos extraordinarios<\/strong> que asumes cada d\u00eda, de la <strong>historia de tu empresa<\/strong> como se merece: no ser\u00e1s una empresa entre muchas, estaremos a tu lado en tus logros.<\/p>\n<p style=\"font-weight: 400; text-align: justify;\">\u00bfC\u00f3mo lo haremos? Con nuestra <strong>ayuda constante<\/strong>. <\/p>\n<p style=\"font-weight: 400; text-align: justify;\">Siempre encontrar\u00e1s a alguien al otro lado del tel\u00e9fono cuando lo necesites, recibir\u00e1s <strong>respuestas<\/strong> a tus preguntas con <strong>respuestas claras y sencillas<\/strong> que te ayudar\u00e1n a tomar decisiones complejas y oportunas, para que puedas aprovechar todas las <strong>oportunidades<\/strong> que se te presenten.<\/p>\n<p style=\"font-weight: 400; text-align: justify;\">No seremos meros proveedores, <strong>seremos tus socios<\/strong>: te ayudaremos a desarrollar tus ideas con <strong>humildad y voluntad<\/strong>, poniendo en juego todas nuestras habilidades y competencias. En pocas palabras, no escatimaremos esfuerzos. <\/p>\n<p>[\/vc_column_text][\/vc_column_inner][vc_column_inner width=&#8221;1\/2&#8243;][vc_column_text]<strong><span style=\"font-size: 14pt;\">Expertos pero, ante todo, personas<\/span><\/strong>[\/vc_column_text][vc_separator color=&#8221;custom&#8221; accent_color=&#8221;#986f32&#8243;][vc_column_text]<\/p>\n<p style=\"font-weight: 400; text-align: justify;\">Ya se trate de fiscalidad, gesti\u00f3n empresarial o asuntos jur\u00eddicos, disfrutamos con nuestro trabajo y <strong>sabemos lo que hacemos<\/strong>.<\/p>\n<p style=\"font-weight: 400; text-align: justify;\">Pero, ante todo, te ofrecemos nuestra forma de ser asesores: <strong>cada uno con su propia personalidad<\/strong>.<\/p>\n<p style=\"font-weight: 400; text-align: justify;\">En TMC Advisory<strong> trabajamos en equipo<\/strong> y sabemos <strong>pensar con originalidad<\/strong> para encontrar la soluci\u00f3n adecuada a tu problema, compartimos tu <strong>entusiasmo<\/strong> por los retos a los que te enfrentas con tu empresa, sabemos alegrarnos de tus \u00e9xitos o admitir los errores si se producen.<\/p>\n<p style=\"font-weight: 400; text-align: justify;\"><strong>Puedes contar con nosotros<\/strong> si te enfrentas a etapas especialmente dif\u00edciles en tu viaje empresarial. Te acompa\u00f1aremos en cada etapa con <strong>franqueza<\/strong>, un poco de iron\u00eda, pero tambi\u00e9n <strong>apoyo y comprensi\u00f3n humana<\/strong> cuando sea necesario. <\/p>\n<p>[\/vc_column_text][\/vc_column_inner][\/vc_row_inner][vc_row_inner][vc_column_inner][vc_empty_space][vc_column_text]<strong><span style=\"font-size: 14pt;\">No s\u00f3lo negocios: somos parte de un todo<\/span><\/strong>[\/vc_column_text][vc_separator color=&#8221;custom&#8221; accent_color=&#8221;#986f32&#8243;][\/vc_column_inner][\/vc_row_inner][vc_column_text]<\/p>\n<p style=\"font-weight: 400;\">Los retos empresariales pueden ser realmente complejos y polifac\u00e9ticos: el riesgo es que nuestro tiempo y todas nuestras energ\u00edas sean absorbidos por las urgencias del d\u00eda a d\u00eda y que nuestro deseo de hacer <strong>algo bueno por el medio ambiente y la sociedad en la que vivimos <\/strong>pase a un segundo plano. Esto no ocurre en TMC Advisory. <\/p>\n<p style=\"font-weight: 400;\">Nos dimos tiempo para reflexionar sobre <strong>lo que realmente nos importa<\/strong>, y elegimos tres realidades a las que acompa\u00f1ar y apoyar en sus visiones y acciones para el cambio.<\/p>\n<p style=\"font-weight: 400;\"><a title=\"Social\" href=\"https:\/\/tmcadvisory.com\/sociale\/\"><strong>Descubre qu\u00e9 significa para nosotros &#8220;compromiso social&#8221;.<\/strong><\/a><\/p>\n<p>&nbsp;<\/p>\n<p style=\"font-weight: 400;\"><strong> <\/strong><\/p>\n<p>[\/vc_column_text][vc_row_inner][vc_column_inner][vc_empty_space height=&#8221;60&#8243;][\/vc_column_inner][\/vc_row_inner][\/vc_column][\/vc_row]<\/p>\n<\/div>","protected":false},"excerpt":{"rendered":"<p>[vc_row bg_type=&#8221;video&#8221; video_url=&#8221;https:\/\/tmcadvisory.com\/wp-content\/uploads\/2022\/11\/sfondotmcmondo.mp4&#8243; video_opts=&#8221;loop&#8221; viewport_vdo=&#8221;viewport_play&#8221; bg_override=&#8221;ex-full&#8221;][vc_column][vc_row_inner][vc_column_inner offset=&#8221;vc_hidden-lg vc_hidden-md vc_hidden-sm&#8221;][vc_empty_space height=&#8221;100&#8243;][\/vc_column_inner][\/vc_row_inner][vc_row_inner][vc_column_inner offset=&#8221;vc_hidden-xs&#8221;][vc_empty_space height=&#8221;200&#8243;][\/vc_column_inner][\/vc_row_inner][vc_row_inner][vc_column_inner][vc_column_text]ESTAMOS PRESENTES[\/vc_column_text][\/vc_column_inner][\/vc_row_inner][vc_row_inner][vc_column_inner][vc_column_text]Encontrar soluciones es nuestro negocio[\/vc_column_text][\/vc_column_inner][\/vc_row_inner][vc_separator color=&#8221;custom&#8221; accent_color=&#8221;#986f32&#8243;][vc_column_text] Encontrar nuevas formas de proteger lo que has construido para ti, y para los que vendr\u00e1n despu\u00e9s de ti, es nuestro objetivo. Hacemos todo esto con transparencia, siguiendo las normas y haciendo las cosas bien. TMC&hellip;<\/p>\n","protected":false},"author":1,"featured_media":0,"parent":0,"menu_order":0,"comment_status":"closed","ping_status":"closed","template":"","meta":{"_acf_changed":false,"footnotes":""},"class_list":["post-3239","page","type-page","status-publish","hentry","description-off"],"acf":[],"aioseo_notices":[],"_links":{"self":[{"href":"https:\/\/tmcadvisory.com\/es\/wp-json\/wp\/v2\/pages\/3239","targetHints":{"allow":["GET"]}}],"collection":[{"href":"https:\/\/tmcadvisory.com\/es\/wp-json\/wp\/v2\/pages"}],"about":[{"href":"https:\/\/tmcadvisory.com\/es\/wp-json\/wp\/v2\/types\/page"}],"author":[{"embeddable":true,"href":"https:\/\/tmcadvisory.com\/es\/wp-json\/wp\/v2\/users\/1"}],"replies":[{"embeddable":true,"href":"https:\/\/tmcadvisory.com\/es\/wp-json\/wp\/v2\/comments?post=3239"}],"version-history":[{"count":1,"href":"https:\/\/tmcadvisory.com\/es\/wp-json\/wp\/v2\/pages\/3239\/revisions"}],"predecessor-version":[{"id":3242,"href":"https:\/\/tmcadvisory.com\/es\/wp-json\/wp\/v2\/pages\/3239\/revisions\/3242"}],"wp:attachment":[{"href":"https:\/\/tmcadvisory.com\/es\/wp-json\/wp\/v2\/media?parent=3239"}],"curies":[{"name":"wp","href":"https:\/\/api.w.org\/{rel}","templated":true}]}}